{"id":11271,"date":"2023-04-12T23:37:10","date_gmt":"2023-04-12T21:37:10","guid":{"rendered":"https:\/\/buborek.hu\/?page_id=11271"},"modified":"2026-02-24T15:14:10","modified_gmt":"2026-02-24T14:14:10","slug":"aowd","status":"publish","type":"page","link":"https:\/\/buborek.hu\/hr\/oktatas\/aowd\/","title":{"rendered":"Halad\u00f3 B\u00fav\u00e1r"},"content":{"rendered":"<div data-elementor-type=\"wp-page\" data-elementor-id=\"11271\" class=\"elementor elementor-11271\">\n\t\t\t\t\t\t<section class=\"elementor-section elementor-top-section elementor-element elementor-element-e64bb91 elementor-section-height-min-height elementor-section-boxed elementor-section-height-default elementor-section-items-middle\" data-id=\"e64bb91\" data-element_type=\"section\" data-settings=\"{&quot;background_background&quot;:&quot;classic&quot;}\">\n\t\t\t\t\t\t\t<div class=\"elementor-background-overlay\"><\/div>\n\t\t\t\t\t\t\t<div class=\"elementor-container elementor-column-gap-default\">\n\t\t\t\t\t<div class=\"elementor-column elementor-col-100 elementor-top-column elementor-element elementor-element-b09cdfc\" data-id=\"b09cdfc\" data-element_type=\"column\" data-settings=\"{&quot;background_background&quot;:&quot;classic&quot;}\">\n\t\t\t<div class=\"elementor-widget-wrap elementor-element-populated\">\n\t\t\t\t\t\t<div class=\"elementor-element elementor-element-55582e0 elementor-widget elementor-widget-wt_bs_heading\" data-id=\"55582e0\" data-element_type=\"widget\" data-widget_type=\"wt_bs_heading.default\">\n\t\t\t\t<div class=\"elementor-widget-container\">\n\t\t\t\t\t<div id=\"wt-at-55582e0\" class=\"headng-wrap\">\r\n\t\t\t<div class=\"section-heading\">\r\n\t\t\t\t\t\t\t\t\t\t\t<h2\r\n\t\t\t\t \t\t\t\t>Napredni ronilac<\/h2>\r\n\t\t\t\t\t\t\t\t\t\t\t<\/div>\r\n\t\t<\/div>\r\n\r\n\t\t\t<\/div>\n\t\t\t\t<\/div>\n\t\t\t\t\t<\/div>\n\t\t<\/div>\n\t\t\t\t\t<\/div>\n\t\t<\/section>\n\t\t\t\t<section class=\"elementor-section elementor-top-section elementor-element elementor-element-0a5971c elementor-section-boxed elementor-section-height-default elementor-section-height-default\" data-id=\"0a5971c\" data-element_type=\"section\">\n\t\t\t\t\t\t<div class=\"elementor-container elementor-column-gap-default\">\n\t\t\t\t\t<div class=\"elementor-column elementor-col-50 elementor-top-column elementor-element elementor-element-64e1c5b\" data-id=\"64e1c5b\" data-element_type=\"column\">\n\t\t\t<div class=\"elementor-widget-wrap elementor-element-populated\">\n\t\t\t\t\t\t<div class=\"elementor-element elementor-element-4df7ffc elementor-widget__width-initial elementor-widget elementor-widget-wt_bs_heading\" data-id=\"4df7ffc\" data-element_type=\"widget\" data-widget_type=\"wt_bs_heading.default\">\n\t\t\t\t<div class=\"elementor-widget-container\">\n\t\t\t\t\t<div id=\"wt-at-4df7ffc\" class=\"headng-wrap\">\r\n\t\t\t<div class=\"section-heading\">\r\n\t\t\t\t\t\t\t<h4\r\n\t\t\t\t \t\t\t\t>Advanced Open Water Diver (AOWD)<\/h4>\r\n\t\t\t\t\t\t\t\t\t\t\t\t<h2\r\n\t\t\t\t \t\t\t\t>Napredni ronilac<\/h2>\r\n\t\t\t\t\t\t\t\t\t\t\t\t<p \t\t\t\t>Nakon zavr\u0161etka te\u010daja naprednog ronjenja, ronilac \u0107e mo\u0107i sigurno roniti s partnerom barem iste razine kvalifikacije, do maksimalne dubine od 30 metara, bilo gdje u svijetu.\n<p><br>\nPreduvjeti za studente:\n<br><p>\n<b>\u00b7 <\/b>Minimalna dob: 12 godina. (Izme\u0111u 12 i 14 godina mo\u017eete dobiti certifikat Junior Advanced Open Water Diver zavr\u0161etkom te\u010daja)\n<br><p>\n<b>\u00b7 <\/b> Posjeduje SSI Open Water Diver (OWD) certifikat ili ekvivalentni certifikat izdan od strane priznate organizacije.\n<br><p><br><p>\nSSI napredni te\u010daj ronjenja u otvorenim vodama upoznaje certificirane ronioce s pet (5) razli\u010ditih SSI programa specijalizacije. Program certifikacije osmi\u0161ljen je kako bi novim roniocima pru\u017eio niz jedinstvenih ronila\u010dkih iskustava koja \u0107e potaknuti njihovu strast prema ronjenju.\n<br><p><br><p>\n<b>Potrebni programi:<\/b>\n<br><p>\n<b>\u00b7 <\/b>Deep Diving \u2013 Dubinsko ronjenje\n<br><p>\n<b>\u00b7 <\/b> Navigation \u2013 Navigacijski ronjenje\n<br><p><br><p>\n<b>Izborni programi:<\/b>\n<br><p>\nZavr\u0161ite tri opcionalna zarona u otvorenim vodama s sljede\u0107eg popisa kako biste stekli certifikat Advanced Open Water Diver.\n<br><p><br><p>\n<b>\u00b7 <\/b> Wreck Diving \u2013 Ronjenje s olupinama\n<br><p>\n<b>\u00b7 <\/b>Enriched Air Nitrox Diving \u2013 Nitrox te\u010daj\n<br><p>\n<b>\u00b7 <\/b> Night and limited visibility \u2013 No\u0107no ronjenje\n<br><p>\n<b>\u00b7 <\/b> DVP\/Scooter Diving \u2013 Ronjenje sa skuterom\/DPV-om\n<br><p>\n<b>\u00b7 <\/b> Bouyancy Control Diving \u2013 Te\u010daj savr\u0161ene plovnosti\n<br><p>\n<b>\u00b7 <\/b> Boat Diving \u2013 Ronjenje s brodom\n<br><p>\n<b>\u00b7 <\/b> Science of Diving \u2013 Znanost o ronjenju\n<br><p>\n<b>\u00b7 <\/b> Ecology programs \u2013 Ekolo\u0161ki programi (morski psi, ribe, koralji, morski \u017eivot)\n<br><p><br><p>\nCijena Advanced Open Water Diver te\u010daja: <b>300\u20ac<\/b>\n<br><p>\n<br><p>\nCijena uklju\u010duje materijale za te\u010daj, instrukcije i zarone. Cijena ne uklju\u010duje najam opreme.<\/p>\r\n\t\t\t\t\t\t\t<\/div>\r\n\t\t<\/div>\r\n\r\n\t\t\t<\/div>\n\t\t\t\t<\/div>\n\t\t\t\t\t<\/div>\n\t\t<\/div>\n\t\t\t\t<div class=\"elementor-column elementor-col-50 elementor-top-column elementor-element elementor-element-2c5c01f\" data-id=\"2c5c01f\" data-element_type=\"column\">\n\t\t\t<div class=\"elementor-widget-wrap elementor-element-populated\">\n\t\t\t\t\t\t<div class=\"elementor-element elementor-element-9a9ee54 elementor-widget elementor-widget-image\" data-id=\"9a9ee54\" data-element_type=\"widget\" data-widget_type=\"image.default\">\n\t\t\t\t<div class=\"elementor-widget-container\">\n\t\t\t\t\t\t\t\t\t\t\t\t\t\t<a href=\"https:\/\/buborek.hu\/wp-content\/uploads\/2023\/04\/Pathway-Poster-Scuba-Extended-Range-BUBOREK.pdf\" target=\"_blank\" rel=\"nofollow\">\n\t\t\t\t\t\t\t<img fetchpriority=\"high\" decoding=\"async\" width=\"825\" height=\"524\" src=\"https:\/\/buborek.hu\/wp-content\/uploads\/2023\/04\/Presentation-Advanced-Open-Water-Diver-1024x650.jpg\" class=\"attachment-large size-large wp-image-11296\" alt=\"\" srcset=\"https:\/\/buborek.hu\/wp-content\/uploads\/2023\/04\/Presentation-Advanced-Open-Water-Diver-1024x650.jpg 1024w, https:\/\/buborek.hu\/wp-content\/uploads\/2023\/04\/Presentation-Advanced-Open-Water-Diver-300x191.jpg 300w, https:\/\/buborek.hu\/wp-content\/uploads\/2023\/04\/Presentation-Advanced-Open-Water-Diver-768x488.jpg 768w, https:\/\/buborek.hu\/wp-content\/uploads\/2023\/04\/Presentation-Advanced-Open-Water-Diver-600x381.jpg 600w, https:\/\/buborek.hu\/wp-content\/uploads\/2023\/04\/Presentation-Advanced-Open-Water-Diver.jpg 1080w\" sizes=\"(max-width: 825px) 100vw, 825px\" \/>\t\t\t\t\t\t\t\t<\/a>\n\t\t\t\t\t\t\t\t\t\t\t\t\t<\/div>\n\t\t\t\t<\/div>\n\t\t\t\t<div class=\"elementor-element elementor-element-02a0764 elementor-widget elementor-widget-image\" data-id=\"02a0764\" data-element_type=\"widget\" data-widget_type=\"image.default\">\n\t\t\t\t<div class=\"elementor-widget-container\">\n\t\t\t\t\t\t\t\t\t\t\t\t\t\t<a href=\"https:\/\/my.divessi.com\/register\/ref\/723055\">\n\t\t\t\t\t\t\t<img decoding=\"async\" width=\"150\" height=\"150\" src=\"https:\/\/buborek.hu\/wp-content\/uploads\/2023\/04\/DIVESSI-BUBOREK-DC_cr_723055-150x150.png\" class=\"attachment-thumbnail size-thumbnail wp-image-11162\" alt=\"\" srcset=\"https:\/\/buborek.hu\/wp-content\/uploads\/2023\/04\/DIVESSI-BUBOREK-DC_cr_723055-150x150.png 150w, https:\/\/buborek.hu\/wp-content\/uploads\/2023\/04\/DIVESSI-BUBOREK-DC_cr_723055-120x120.png 120w, https:\/\/buborek.hu\/wp-content\/uploads\/2023\/04\/DIVESSI-BUBOREK-DC_cr_723055-300x300.png 300w\" sizes=\"(max-width: 150px) 100vw, 150px\" \/>\t\t\t\t\t\t\t\t<\/a>\n\t\t\t\t\t\t\t\t\t\t\t\t\t<\/div>\n\t\t\t\t<\/div>\n\t\t\t\t<div class=\"elementor-element elementor-element-d503eac elementor-widget__width-initial elementor-widget elementor-widget-wt_bs_heading\" data-id=\"d503eac\" data-element_type=\"widget\" data-widget_type=\"wt_bs_heading.default\">\n\t\t\t\t<div class=\"elementor-widget-container\">\n\t\t\t\t\t<div id=\"wt-at-d503eac\" class=\"headng-wrap\">\r\n\t\t\t<div class=\"section-heading\">\r\n\t\t\t\t\t\t\t\t\t\t\t\t\t\t\t<p \t\t\t\t>1. Registrirajte se na <a href=\"https:\/\/my.divessi.com\/register\/ref\/723055\"> divessi.com <\/a> stranica. Unesite svoje osobne podatke i odaberite ronila\u010dki centar Bubor\u00e9k kao svoju ronila\u010dku bazu. <br>Nakon uspje\u0161ne registracije primit \u0107ete e-poruku s potvrdom od SSI-ja, stoga je vrlo va\u017eno da navedete aktivnu, funkcionalnu adresu e-po\u0161te. Nakon \u0161to to u\u010dinite, kreirali ste vlastiti ronila\u010dki profil.<\/p>\r\n\t\t\t\t\t\t\t<\/div>\r\n\t\t<\/div>\r\n\r\n\t\t\t<\/div>\n\t\t\t\t<\/div>\n\t\t\t\t<div class=\"elementor-element elementor-element-6da8493 elementor-widget__width-initial elementor-widget elementor-widget-wt_bs_heading\" data-id=\"6da8493\" data-element_type=\"widget\" data-widget_type=\"wt_bs_heading.default\">\n\t\t\t\t<div class=\"elementor-widget-container\">\n\t\t\t\t\t<div id=\"wt-at-6da8493\" class=\"headng-wrap\">\r\n\t\t\t<div class=\"section-heading\">\r\n\t\t\t\t\t\t\t\t\t\t\t\t\t\t\t<p \t\t\t\t>2. Najlak\u0161i na\u010din za pristup va\u0161em profilu je putem aplikacije MySSI (tako\u0111er dostupno kao <a href=\"https:\/\/apps.apple.com\/us\/app\/myssi\/id1249389209\" >IOS<\/a> ili <a href=\"https:\/\/play.google.com\/store\/apps\/details?id=com.divessi.ssi&hl=hu&pli=1\" >Android <\/a> aplikacija) Ispunite dodatne podatke u prijavi i prenesite fotografiju za identifikaciju. \n<br>\nVrlo je va\u017eno da slika ispunjava sve formalne uvjete za fotografiju za osobnu iskaznicu. \n\n<br><br>\n<b>Putem ove aplikacije imat \u0107ete pristup svojim online te\u010dajevima, svojoj online bilje\u017enici ronjenja, a kasnije \u010dak i vlastitoj ronila\u010dkoj potvrdi.<\/b><\/p>\r\n\t\t\t\t\t\t\t<\/div>\r\n\t\t<\/div>\r\n\r\n\t\t\t<\/div>\n\t\t\t\t<\/div>\n\t\t\t\t\t<\/div>\n\t\t<\/div>\n\t\t\t\t\t<\/div>\n\t\t<\/section>\n\t\t\t\t<section class=\"elementor-section elementor-top-section elementor-element elementor-element-48840a8 elementor-section-boxed elementor-section-height-default elementor-section-height-default\" data-id=\"48840a8\" data-element_type=\"section\">\n\t\t\t\t\t\t<div class=\"elementor-container elementor-column-gap-default\">\n\t\t\t\t\t<div class=\"elementor-column elementor-col-100 elementor-top-column elementor-element elementor-element-8ae1534\" data-id=\"8ae1534\" data-element_type=\"column\">\n\t\t\t<div class=\"elementor-widget-wrap elementor-element-populated\">\n\t\t\t\t\t\t<div class=\"elementor-element elementor-element-505447b elementor-widget elementor-widget-wt_bs_heading\" data-id=\"505447b\" data-element_type=\"widget\" data-widget_type=\"wt_bs_heading.default\">\n\t\t\t\t<div class=\"elementor-widget-container\">\n\t\t\t\t\t<div id=\"wt-at-505447b\" class=\"headng-wrap\">\r\n\t\t\t<div class=\"section-heading\">\r\n\t\t\t\t\t\t\t\t\t\t\t<h2\r\n\t\t\t\t \t\t\t\t>Na\u0161i ostali te\u010dajevi obuke:<\/h2>\r\n\t\t\t\t\t\t\t\t\t\t\t<\/div>\r\n\t\t<\/div>\r\n\r\n\t\t\t<\/div>\n\t\t\t\t<\/div>\n\t\t\t\t\t<\/div>\n\t\t<\/div>\n\t\t\t\t\t<\/div>\n\t\t<\/section>\n\t\t\t\t<section class=\"elementor-section elementor-top-section elementor-element elementor-element-318b123 elementor-section-boxed elementor-section-height-default elementor-section-height-default\" data-id=\"318b123\" data-element_type=\"section\">\n\t\t\t\t\t\t<div class=\"elementor-container elementor-column-gap-default\">\n\t\t\t\t\t<div class=\"elementor-column elementor-col-16 elementor-top-column elementor-element elementor-element-c50ee5f\" data-id=\"c50ee5f\" data-element_type=\"column\">\n\t\t\t<div class=\"elementor-widget-wrap elementor-element-populated\">\n\t\t\t\t\t\t<div class=\"elementor-element elementor-element-bafac22 elementor-widget elementor-widget-wt_bs_servicebox\" data-id=\"bafac22\" data-element_type=\"widget\" data-settings=\"{&quot;wt_text_align&quot;:&quot;center-content&quot;,&quot;wt_icon_position&quot;:&quot;icon-top-align&quot;}\" data-widget_type=\"wt_bs_servicebox.default\">\n\t\t\t\t<div class=\"elementor-widget-container\">\n\t\t\t\t\t<div class=\"wt-service-wrapper\">\r\n\t\t\t<div class=\"wt-service-box icon-top-align center-content\">\r\n\t\t\t\t<div class=\"wt-service-box-inner\">\r\n\t\t\t\t\t<div class=\"icon-box\"><img decoding=\"async\" width=\"300\" height=\"225\" src=\"https:\/\/buborek.hu\/wp-content\/uploads\/2023\/03\/icon-Kezdo-buvar-300x225.png\" class=\"attachment-medium size-medium wp-image-10763\" alt=\"\" srcset=\"https:\/\/buborek.hu\/wp-content\/uploads\/2023\/03\/icon-Kezdo-buvar-300x225.png 300w, https:\/\/buborek.hu\/wp-content\/uploads\/2023\/03\/icon-Kezdo-buvar.png 400w\" sizes=\"(max-width: 300px) 100vw, 300px\" \/><\/div>\t\t\t\t\t<div class=\"service-content\">\r\n\t\t\t\t\t\t<h4 >Ronilac po\u010detnik<\/h4><p >Prvi korak je ako ste ve\u0107 odlu\u010dili da \u017eelite postati ronilac!<\/p>\t\t\t\t\t\t\t\t\t\t\t\t<a class=\"service-read-more\" href=\"https:\/\/buborek.hu\/hr\/oktatas\/owd\/\"  target=\"_blank\"  rel=\"nofollow\">\r\n\t\t\t\t\t\t\t<span class=\"icon-wrap\">\r\n\t\t\t\t\t\t\t\t<span class=\"hover-anim\">\r\n\t\t\t\t\t\t\t\t\t<span class=\"text-wrap\">Pogleda\u0107u<\/span>\r\n\t\t\t\t\t\t\t\t\t<i class=\"fa fa-angle-right\"><\/i>\r\n\t\t\t\t\t\t\t\t<\/span>\r\n\t\t\t\t\t\t\t<\/span>\r\n\t\t\t\t\t\t<\/a>\r\n\t\t\t\t\t\t\t\t\t\t\t<\/div>\r\n\t\t\t\t<\/div>\r\n\t\t\t<\/div>\r\n\t\t<\/div>\r\n\r\n\t\t\t<\/div>\n\t\t\t\t<\/div>\n\t\t\t\t\t<\/div>\n\t\t<\/div>\n\t\t\t\t<div class=\"elementor-column elementor-col-16 elementor-top-column elementor-element elementor-element-1473e04\" data-id=\"1473e04\" data-element_type=\"column\">\n\t\t\t<div class=\"elementor-widget-wrap elementor-element-populated\">\n\t\t\t\t\t\t<div class=\"elementor-element elementor-element-3ec26eb elementor-widget elementor-widget-wt_bs_servicebox\" data-id=\"3ec26eb\" data-element_type=\"widget\" data-settings=\"{&quot;wt_text_align&quot;:&quot;center-content&quot;,&quot;wt_icon_position&quot;:&quot;icon-top-align&quot;}\" data-widget_type=\"wt_bs_servicebox.default\">\n\t\t\t\t<div class=\"elementor-widget-container\">\n\t\t\t\t\t<div class=\"wt-service-wrapper\">\r\n\t\t\t<div class=\"wt-service-box icon-top-align center-content\">\r\n\t\t\t\t<div class=\"wt-service-box-inner\">\r\n\t\t\t\t\t<div class=\"icon-box\"><img loading=\"lazy\" decoding=\"async\" width=\"300\" height=\"225\" src=\"https:\/\/buborek.hu\/wp-content\/uploads\/2023\/03\/icon-Specialis-tanfolyamok-300x225.png\" class=\"attachment-medium size-medium wp-image-10765\" alt=\"\" srcset=\"https:\/\/buborek.hu\/wp-content\/uploads\/2023\/03\/icon-Specialis-tanfolyamok-300x225.png 300w, https:\/\/buborek.hu\/wp-content\/uploads\/2023\/03\/icon-Specialis-tanfolyamok.png 400w\" sizes=\"(max-width: 300px) 100vw, 300px\" \/><\/div>\t\t\t\t\t<div class=\"service-content\">\r\n\t\t\t\t\t\t<h4 >Specijalisti\u010dki te\u010dajevi<\/h4><p >Nau\u010dite roniti me\u0111u olupinama, u \u0161piljama, iz broda, s instrumentima itd. <\/p>\t\t\t\t\t\t\t\t\t\t\t\t<a class=\"service-read-more\" href=\"https:\/\/buborek.hu\/hr\/oktatas\/spec\/\"  target=\"_blank\"  rel=\"nofollow\">\r\n\t\t\t\t\t\t\t<span class=\"icon-wrap\">\r\n\t\t\t\t\t\t\t\t<span class=\"hover-anim\">\r\n\t\t\t\t\t\t\t\t\t<span class=\"text-wrap\">Pogleda\u0107u<\/span>\r\n\t\t\t\t\t\t\t\t\t<i class=\"fa fa-angle-right\"><\/i>\r\n\t\t\t\t\t\t\t\t<\/span>\r\n\t\t\t\t\t\t\t<\/span>\r\n\t\t\t\t\t\t<\/a>\r\n\t\t\t\t\t\t\t\t\t\t\t<\/div>\r\n\t\t\t\t<\/div>\r\n\t\t\t<\/div>\r\n\t\t<\/div>\r\n\r\n\t\t\t<\/div>\n\t\t\t\t<\/div>\n\t\t\t\t\t<\/div>\n\t\t<\/div>\n\t\t\t\t<div class=\"elementor-column elementor-col-16 elementor-top-column elementor-element elementor-element-97f97d8\" data-id=\"97f97d8\" data-element_type=\"column\">\n\t\t\t<div class=\"elementor-widget-wrap elementor-element-populated\">\n\t\t\t\t\t\t<div class=\"elementor-element elementor-element-0f51f52 elementor-widget elementor-widget-wt_bs_servicebox\" data-id=\"0f51f52\" data-element_type=\"widget\" data-settings=\"{&quot;wt_text_align&quot;:&quot;center-content&quot;,&quot;wt_icon_position&quot;:&quot;icon-top-align&quot;}\" data-widget_type=\"wt_bs_servicebox.default\">\n\t\t\t\t<div class=\"elementor-widget-container\">\n\t\t\t\t\t<div class=\"wt-service-wrapper\">\r\n\t\t\t<div class=\"wt-service-box icon-top-align center-content\">\r\n\t\t\t\t<div class=\"wt-service-box-inner\">\r\n\t\t\t\t\t<div class=\"icon-box\"><img loading=\"lazy\" decoding=\"async\" width=\"300\" height=\"225\" src=\"https:\/\/buborek.hu\/wp-content\/uploads\/2023\/03\/icon-Mester-buvar-300x225.png\" class=\"attachment-medium size-medium wp-image-10764\" alt=\"\" srcset=\"https:\/\/buborek.hu\/wp-content\/uploads\/2023\/03\/icon-Mester-buvar-300x225.png 300w, https:\/\/buborek.hu\/wp-content\/uploads\/2023\/03\/icon-Mester-buvar.png 400w\" sizes=\"(max-width: 300px) 100vw, 300px\" \/><\/div>\t\t\t\t\t<div class=\"service-content\">\r\n\t\t\t\t\t\t<h4 >Glavni ronilac\n<\/h4><p >Najvi\u0161a razina rekreativnog ronjenja, kralj \"amaterskih\" ronilaca.<\/p>\t\t\t\t\t\t\t\t\t\t\t\t<a class=\"service-read-more\" href=\"https:\/\/buborek.hu\/hr\/oktatas\/master\/\"  target=\"_blank\"  rel=\"nofollow\">\r\n\t\t\t\t\t\t\t<span class=\"icon-wrap\">\r\n\t\t\t\t\t\t\t\t<span class=\"hover-anim\">\r\n\t\t\t\t\t\t\t\t\t<span class=\"text-wrap\">Pogleda\u0107u<\/span>\r\n\t\t\t\t\t\t\t\t\t<i class=\"fa fa-angle-right\"><\/i>\r\n\t\t\t\t\t\t\t\t<\/span>\r\n\t\t\t\t\t\t\t<\/span>\r\n\t\t\t\t\t\t<\/a>\r\n\t\t\t\t\t\t\t\t\t\t\t<\/div>\r\n\t\t\t\t<\/div>\r\n\t\t\t<\/div>\r\n\t\t<\/div>\r\n\r\n\t\t\t<\/div>\n\t\t\t\t<\/div>\n\t\t\t\t\t<\/div>\n\t\t<\/div>\n\t\t\t\t<div class=\"elementor-column elementor-col-16 elementor-top-column elementor-element elementor-element-6e5f973\" data-id=\"6e5f973\" data-element_type=\"column\">\n\t\t\t<div class=\"elementor-widget-wrap elementor-element-populated\">\n\t\t\t\t\t\t<div class=\"elementor-element elementor-element-e54d919 elementor-widget elementor-widget-wt_bs_servicebox\" data-id=\"e54d919\" data-element_type=\"widget\" data-settings=\"{&quot;wt_text_align&quot;:&quot;center-content&quot;,&quot;wt_icon_position&quot;:&quot;icon-top-align&quot;}\" data-widget_type=\"wt_bs_servicebox.default\">\n\t\t\t\t<div class=\"elementor-widget-container\">\n\t\t\t\t\t<div class=\"wt-service-wrapper\">\r\n\t\t\t<div class=\"wt-service-box icon-top-align center-content\">\r\n\t\t\t\t<div class=\"wt-service-box-inner\">\r\n\t\t\t\t\t<div class=\"icon-box\"><img loading=\"lazy\" decoding=\"async\" width=\"300\" height=\"225\" src=\"https:\/\/buborek.hu\/wp-content\/uploads\/2023\/03\/icon-Hivatasos-buvar-300x225.png\" class=\"attachment-medium size-medium wp-image-10762\" alt=\"\" srcset=\"https:\/\/buborek.hu\/wp-content\/uploads\/2023\/03\/icon-Hivatasos-buvar-300x225.png 300w, https:\/\/buborek.hu\/wp-content\/uploads\/2023\/03\/icon-Hivatasos-buvar.png 400w\" sizes=\"(max-width: 300px) 100vw, 300px\" \/><\/div>\t\t\t\t\t<div class=\"service-content\">\r\n\t\t\t\t\t\t<h4 >Profesionalni ronilac<\/h4><p >Ako \u017eelite ne samo vje\u017ebati ronjenje, ve\u0107 ga i podu\u010davati.<\/p>\t\t\t\t\t\t\t\t\t\t\t\t<a class=\"service-read-more\" href=\"https:\/\/buborek.hu\/hr\/oktatas\/professional\/\"  target=\"_blank\"  rel=\"nofollow\">\r\n\t\t\t\t\t\t\t<span class=\"icon-wrap\">\r\n\t\t\t\t\t\t\t\t<span class=\"hover-anim\">\r\n\t\t\t\t\t\t\t\t\t<span class=\"text-wrap\">Pogleda\u0107u<\/span>\r\n\t\t\t\t\t\t\t\t\t<i class=\"fa fa-angle-right\"><\/i>\r\n\t\t\t\t\t\t\t\t<\/span>\r\n\t\t\t\t\t\t\t<\/span>\r\n\t\t\t\t\t\t<\/a>\r\n\t\t\t\t\t\t\t\t\t\t\t<\/div>\r\n\t\t\t\t<\/div>\r\n\t\t\t<\/div>\r\n\t\t<\/div>\r\n\r\n\t\t\t<\/div>\n\t\t\t\t<\/div>\n\t\t\t\t\t<\/div>\n\t\t<\/div>\n\t\t\t\t<div class=\"elementor-column elementor-col-16 elementor-top-column elementor-element elementor-element-9ab2489\" data-id=\"9ab2489\" data-element_type=\"column\">\n\t\t\t<div class=\"elementor-widget-wrap elementor-element-populated\">\n\t\t\t\t\t\t<div class=\"elementor-element elementor-element-06bbcef elementor-widget elementor-widget-wt_bs_servicebox\" data-id=\"06bbcef\" data-element_type=\"widget\" data-settings=\"{&quot;wt_text_align&quot;:&quot;center-content&quot;,&quot;wt_icon_position&quot;:&quot;icon-top-align&quot;}\" data-widget_type=\"wt_bs_servicebox.default\">\n\t\t\t\t<div class=\"elementor-widget-container\">\n\t\t\t<style>.elementor-element-06bbcef{display:none !important}<\/style>\t\t<\/div>\n\t\t\t\t<\/div>\n\t\t\t\t\t<\/div>\n\t\t<\/div>\n\t\t\t\t<div class=\"elementor-column elementor-col-16 elementor-top-column elementor-element elementor-element-fb6da02\" data-id=\"fb6da02\" data-element_type=\"column\">\n\t\t\t<div class=\"elementor-widget-wrap elementor-element-populated\">\n\t\t\t\t\t\t<div class=\"elementor-element elementor-element-9ed49b6 elementor-widget elementor-widget-wt_bs_servicebox\" data-id=\"9ed49b6\" data-element_type=\"widget\" data-settings=\"{&quot;wt_text_align&quot;:&quot;center-content&quot;,&quot;wt_icon_position&quot;:&quot;icon-top-align&quot;}\" data-widget_type=\"wt_bs_servicebox.default\">\n\t\t\t\t<div class=\"elementor-widget-container\">\n\t\t\t<style>.elementor-element-9ed49b6{display:none !important}<\/style>\t\t<\/div>\n\t\t\t\t<\/div>\n\t\t\t\t\t<\/div>\n\t\t<\/div>\n\t\t\t\t\t<\/div>\n\t\t<\/section>\n\t\t\t\t<\/div>","protected":false},"excerpt":{"rendered":"<p>HALAD\u00d3 B\u00daV\u00c1R Advanced Open Water Diver (AOWD) Halad\u00f3 b\u00fav\u00e1r A Halad\u00f3 b\u00fav\u00e1r tanfolyam elv\u00e9gz\u00e9se ut\u00e1n a b\u00fav\u00e1r k\u00e9pes lesz egy legal\u00e1bb ugyanolyan k\u00e9pzetts\u00e9g\u0171 t\u00e1rs\u00e1val, maximum 30 m\u00e9teres m\u00e9lys\u00e9gig biztons\u00e1gosan mer\u00fclni a vil\u00e1g b\u00e1rmely pontj\u00e1n. Hallgat\u00f3i el\u0151felt\u00e9telek: \u00b7 Minimum \u00e9letkor: 12 \u00e9v. (12 \u2013 14 \u00e9ves kor k\u00f6z\u00f6tt a tanfolyam elv\u00e9gz\u00e9s\u00e9\u00e9rt Junior Advanced Open Water Diver<\/p>","protected":false},"author":3,"featured_media":0,"parent":42,"menu_order":0,"comment_status":"closed","ping_status":"closed","template":"elementor_header_footer","meta":{"_monsterinsights_skip_tracking":false,"_monsterinsights_sitenote_active":false,"_monsterinsights_sitenote_note":"","_monsterinsights_sitenote_category":0,"footnotes":""},"class_list":["post-11271","page","type-page","status-publish","hentry"],"acf":[],"_links":{"self":[{"href":"https:\/\/buborek.hu\/hr\/wp-json\/wp\/v2\/pages\/11271","targetHints":{"allow":["GET"]}}],"collection":[{"href":"https:\/\/buborek.hu\/hr\/wp-json\/wp\/v2\/pages"}],"about":[{"href":"https:\/\/buborek.hu\/hr\/wp-json\/wp\/v2\/types\/page"}],"author":[{"embeddable":true,"href":"https:\/\/buborek.hu\/hr\/wp-json\/wp\/v2\/users\/3"}],"replies":[{"embeddable":true,"href":"https:\/\/buborek.hu\/hr\/wp-json\/wp\/v2\/comments?post=11271"}],"version-history":[{"count":100,"href":"https:\/\/buborek.hu\/hr\/wp-json\/wp\/v2\/pages\/11271\/revisions"}],"predecessor-version":[{"id":12581,"href":"https:\/\/buborek.hu\/hr\/wp-json\/wp\/v2\/pages\/11271\/revisions\/12581"}],"up":[{"embeddable":true,"href":"https:\/\/buborek.hu\/hr\/wp-json\/wp\/v2\/pages\/42"}],"wp:attachment":[{"href":"https:\/\/buborek.hu\/hr\/wp-json\/wp\/v2\/media?parent=11271"}],"curies":[{"name":"wp","href":"https:\/\/api.w.org\/{rel}","templated":true}]}}