{"id":11330,"date":"2023-04-27T15:21:57","date_gmt":"2023-04-27T13:21:57","guid":{"rendered":"https:\/\/buborek.hu\/?page_id=11330"},"modified":"2026-02-23T21:12:55","modified_gmt":"2026-02-23T20:12:55","slug":"master","status":"publish","type":"page","link":"https:\/\/buborek.hu\/hr\/oktatas\/master\/","title":{"rendered":"Glavni ronilac"},"content":{"rendered":"<div data-elementor-type=\"wp-page\" data-elementor-id=\"11330\" class=\"elementor elementor-11330\">\n\t\t\t\t\t\t<section class=\"elementor-section elementor-top-section elementor-element elementor-element-e64bb91 elementor-section-height-min-height elementor-section-boxed elementor-section-height-default elementor-section-items-middle\" data-id=\"e64bb91\" data-element_type=\"section\" data-settings=\"{&quot;background_background&quot;:&quot;classic&quot;}\">\n\t\t\t\t\t\t\t<div class=\"elementor-background-overlay\"><\/div>\n\t\t\t\t\t\t\t<div class=\"elementor-container elementor-column-gap-default\">\n\t\t\t\t\t<div class=\"elementor-column elementor-col-100 elementor-top-column elementor-element elementor-element-b09cdfc\" data-id=\"b09cdfc\" data-element_type=\"column\" data-settings=\"{&quot;background_background&quot;:&quot;classic&quot;}\">\n\t\t\t<div class=\"elementor-widget-wrap elementor-element-populated\">\n\t\t\t\t\t\t<div class=\"elementor-element elementor-element-55582e0 elementor-widget elementor-widget-wt_bs_heading\" data-id=\"55582e0\" data-element_type=\"widget\" data-widget_type=\"wt_bs_heading.default\">\n\t\t\t\t<div class=\"elementor-widget-container\">\n\t\t\t\t\t<div id=\"wt-at-55582e0\" class=\"headng-wrap\">\r\n\t\t\t<div class=\"section-heading\">\r\n\t\t\t\t\t\t\t\t\t\t\t<h2\r\n\t\t\t\t \t\t\t\t>GLAVNI RONILAC<\/h2>\r\n\t\t\t\t\t\t\t\t\t\t\t<\/div>\r\n\t\t<\/div>\r\n\r\n\t\t\t<\/div>\n\t\t\t\t<\/div>\n\t\t\t\t\t<\/div>\n\t\t<\/div>\n\t\t\t\t\t<\/div>\n\t\t<\/section>\n\t\t\t\t<section class=\"elementor-section elementor-top-section elementor-element elementor-element-0a5971c elementor-section-boxed elementor-section-height-default elementor-section-height-default\" data-id=\"0a5971c\" data-element_type=\"section\">\n\t\t\t\t\t\t<div class=\"elementor-container elementor-column-gap-default\">\n\t\t\t\t\t<div class=\"elementor-column elementor-col-50 elementor-top-column elementor-element elementor-element-64e1c5b\" data-id=\"64e1c5b\" data-element_type=\"column\">\n\t\t\t<div class=\"elementor-widget-wrap elementor-element-populated\">\n\t\t\t\t\t\t<div class=\"elementor-element elementor-element-4df7ffc elementor-widget__width-initial elementor-widget elementor-widget-wt_bs_heading\" data-id=\"4df7ffc\" data-element_type=\"widget\" data-widget_type=\"wt_bs_heading.default\">\n\t\t\t\t<div class=\"elementor-widget-container\">\n\t\t\t\t\t<div id=\"wt-at-4df7ffc\" class=\"headng-wrap\">\r\n\t\t\t<div class=\"section-heading\">\r\n\t\t\t\t\t\t\t<h4\r\n\t\t\t\t \t\t\t\t>Master Diver<\/h4>\r\n\t\t\t\t\t\t\t\t\t\t\t\t<h2\r\n\t\t\t\t \t\t\t\t>Glavni ronilac<\/h2>\r\n\t\t\t\t\t\t\t\t\t\t\t\t<p \t\t\t\t>Ocjena Glavni ronilac je najvi\u0161a razina rekreativnog ronjenja. Ako imate <b>najmanje 50 zabilje\u017eenih zarona<\/b>, <b>\u010detiri specijalizirana te\u010daja<\/b> i uspje\u0161no ste zavr\u0161ili <b>te\u010daj stresa i spa\u0161avanja <\/b>, mo\u017eete se prijaviti za certifikat glavnog ronioca.<\/p>\r\n\t\t\t\t\t\t\t<\/div>\r\n\t\t<\/div>\r\n\r\n\t\t\t<\/div>\n\t\t\t\t<\/div>\n\t\t\t\t\t<\/div>\n\t\t<\/div>\n\t\t\t\t<div class=\"elementor-column elementor-col-50 elementor-top-column elementor-element elementor-element-2c5c01f\" data-id=\"2c5c01f\" data-element_type=\"column\">\n\t\t\t<div class=\"elementor-widget-wrap elementor-element-populated\">\n\t\t\t\t\t\t<div class=\"elementor-element elementor-element-9a9ee54 elementor-widget elementor-widget-image\" data-id=\"9a9ee54\" data-element_type=\"widget\" data-widget_type=\"image.default\">\n\t\t\t\t<div class=\"elementor-widget-container\">\n\t\t\t\t\t\t\t\t\t\t\t\t\t\t<a href=\"https:\/\/buborek.hu\/wp-content\/uploads\/2023\/04\/Pathway-Poster-Scuba-Extended-Range-BUBOREK.pdf\" target=\"_blank\" rel=\"nofollow\">\n\t\t\t\t\t\t\t<img fetchpriority=\"high\" decoding=\"async\" width=\"800\" height=\"508\" src=\"https:\/\/buborek.hu\/wp-content\/uploads\/2023\/04\/Master-diver-card-small.png\" class=\"attachment-large size-large wp-image-11332\" alt=\"\" srcset=\"https:\/\/buborek.hu\/wp-content\/uploads\/2023\/04\/Master-diver-card-small.png 800w, https:\/\/buborek.hu\/wp-content\/uploads\/2023\/04\/Master-diver-card-small-300x191.png 300w, https:\/\/buborek.hu\/wp-content\/uploads\/2023\/04\/Master-diver-card-small-768x488.png 768w, https:\/\/buborek.hu\/wp-content\/uploads\/2023\/04\/Master-diver-card-small-600x381.png 600w\" sizes=\"(max-width: 800px) 100vw, 800px\" \/>\t\t\t\t\t\t\t\t<\/a>\n\t\t\t\t\t\t\t\t\t\t\t\t\t<\/div>\n\t\t\t\t<\/div>\n\t\t\t\t<div class=\"elementor-element elementor-element-02a0764 elementor-widget elementor-widget-image\" data-id=\"02a0764\" data-element_type=\"widget\" data-widget_type=\"image.default\">\n\t\t\t\t<div class=\"elementor-widget-container\">\n\t\t\t\t\t\t\t\t\t\t\t\t\t\t<a href=\"https:\/\/my.divessi.com\/register\/ref\/723055\">\n\t\t\t\t\t\t\t<img decoding=\"async\" width=\"150\" height=\"150\" src=\"https:\/\/buborek.hu\/wp-content\/uploads\/2023\/04\/DIVESSI-BUBOREK-DC_cr_723055-150x150.png\" class=\"attachment-thumbnail size-thumbnail wp-image-11162\" alt=\"\" srcset=\"https:\/\/buborek.hu\/wp-content\/uploads\/2023\/04\/DIVESSI-BUBOREK-DC_cr_723055-150x150.png 150w, https:\/\/buborek.hu\/wp-content\/uploads\/2023\/04\/DIVESSI-BUBOREK-DC_cr_723055-120x120.png 120w, https:\/\/buborek.hu\/wp-content\/uploads\/2023\/04\/DIVESSI-BUBOREK-DC_cr_723055-300x300.png 300w\" sizes=\"(max-width: 150px) 100vw, 150px\" \/>\t\t\t\t\t\t\t\t<\/a>\n\t\t\t\t\t\t\t\t\t\t\t\t\t<\/div>\n\t\t\t\t<\/div>\n\t\t\t\t<div class=\"elementor-element elementor-element-d503eac elementor-widget__width-initial elementor-widget elementor-widget-wt_bs_heading\" data-id=\"d503eac\" data-element_type=\"widget\" data-widget_type=\"wt_bs_heading.default\">\n\t\t\t\t<div class=\"elementor-widget-container\">\n\t\t\t\t\t<div id=\"wt-at-d503eac\" class=\"headng-wrap\">\r\n\t\t\t<div class=\"section-heading\">\r\n\t\t\t\t\t\t\t\t\t\t\t\t\t\t\t<p \t\t\t\t>1. Registrirajte se na <a href=\"https:\/\/my.divessi.com\/register\/ref\/723055\"> divessi.com <\/a> stranica. Unesite svoje osobne podatke i odaberite ronila\u010dki centar Bubor\u00e9k kao svoju ronila\u010dku bazu. <br>Nakon uspje\u0161ne registracije primit \u0107ete e-poruku s potvrdom od SSI-ja, stoga je vrlo va\u017eno da navedete aktivnu, funkcionalnu adresu e-po\u0161te. Nakon \u0161to to u\u010dinite, kreirali ste vlastiti ronila\u010dki profil.<\/p>\r\n\t\t\t\t\t\t\t<\/div>\r\n\t\t<\/div>\r\n\r\n\t\t\t<\/div>\n\t\t\t\t<\/div>\n\t\t\t\t<div class=\"elementor-element elementor-element-6da8493 elementor-widget__width-initial elementor-widget elementor-widget-wt_bs_heading\" data-id=\"6da8493\" data-element_type=\"widget\" data-widget_type=\"wt_bs_heading.default\">\n\t\t\t\t<div class=\"elementor-widget-container\">\n\t\t\t\t\t<div id=\"wt-at-6da8493\" class=\"headng-wrap\">\r\n\t\t\t<div class=\"section-heading\">\r\n\t\t\t\t\t\t\t\t\t\t\t\t\t\t\t<p \t\t\t\t>2. Najlak\u0161i na\u010din za pristup va\u0161em profilu je putem aplikacije MySSI (tako\u0111er dostupno kao <a href=\"https:\/\/apps.apple.com\/us\/app\/myssi\/id1249389209\" >IOS<\/a> ili <a href=\"https:\/\/play.google.com\/store\/apps\/details?id=com.divessi.ssi&hl=hu&pli=1\" >Android <\/a> aplikacija) Ispunite dodatne podatke u prijavi i prenesite fotografiju za identifikaciju. \n<br>\nVrlo je va\u017eno da slika ispunjava sve formalne uvjete za fotografiju za osobnu iskaznicu. \n\n<br><br>\n<b>Putem ove aplikacije imat \u0107ete pristup svojim online te\u010dajevima, svojoj online bilje\u017enici ronjenja, a kasnije \u010dak i vlastitoj ronila\u010dkoj potvrdi.<\/b><\/p>\r\n\t\t\t\t\t\t\t<\/div>\r\n\t\t<\/div>\r\n\r\n\t\t\t<\/div>\n\t\t\t\t<\/div>\n\t\t\t\t\t<\/div>\n\t\t<\/div>\n\t\t\t\t\t<\/div>\n\t\t<\/section>\n\t\t\t\t<section class=\"elementor-section elementor-top-section elementor-element elementor-element-48840a8 elementor-section-boxed elementor-section-height-default elementor-section-height-default\" data-id=\"48840a8\" data-element_type=\"section\">\n\t\t\t\t\t\t<div class=\"elementor-container elementor-column-gap-default\">\n\t\t\t\t\t<div class=\"elementor-column elementor-col-100 elementor-top-column elementor-element elementor-element-8ae1534\" data-id=\"8ae1534\" data-element_type=\"column\">\n\t\t\t<div class=\"elementor-widget-wrap elementor-element-populated\">\n\t\t\t\t\t\t<div class=\"elementor-element elementor-element-505447b elementor-widget elementor-widget-wt_bs_heading\" data-id=\"505447b\" data-element_type=\"widget\" data-widget_type=\"wt_bs_heading.default\">\n\t\t\t\t<div class=\"elementor-widget-container\">\n\t\t\t\t\t<div id=\"wt-at-505447b\" class=\"headng-wrap\">\r\n\t\t\t<div class=\"section-heading\">\r\n\t\t\t\t\t\t\t\t\t\t\t<h2\r\n\t\t\t\t \t\t\t\t>Na\u0161i ostali te\u010dajevi obuke:<\/h2>\r\n\t\t\t\t\t\t\t\t\t\t\t<\/div>\r\n\t\t<\/div>\r\n\r\n\t\t\t<\/div>\n\t\t\t\t<\/div>\n\t\t\t\t\t<\/div>\n\t\t<\/div>\n\t\t\t\t\t<\/div>\n\t\t<\/section>\n\t\t\t\t<section class=\"elementor-section elementor-top-section elementor-element elementor-element-318b123 elementor-section-boxed elementor-section-height-default elementor-section-height-default\" data-id=\"318b123\" data-element_type=\"section\">\n\t\t\t\t\t\t<div class=\"elementor-container elementor-column-gap-default\">\n\t\t\t\t\t<div class=\"elementor-column elementor-col-16 elementor-top-column elementor-element elementor-element-6e5f973\" data-id=\"6e5f973\" data-element_type=\"column\">\n\t\t\t<div class=\"elementor-widget-wrap elementor-element-populated\">\n\t\t\t\t\t\t<div class=\"elementor-element elementor-element-c31a5bd elementor-widget elementor-widget-wt_bs_servicebox\" data-id=\"c31a5bd\" data-element_type=\"widget\" data-settings=\"{&quot;wt_text_align&quot;:&quot;center-content&quot;,&quot;wt_icon_position&quot;:&quot;icon-top-align&quot;}\" data-widget_type=\"wt_bs_servicebox.default\">\n\t\t\t\t<div class=\"elementor-widget-container\">\n\t\t\t\t\t<div class=\"wt-service-wrapper\">\r\n\t\t\t<div class=\"wt-service-box icon-top-align center-content\">\r\n\t\t\t\t<div class=\"wt-service-box-inner\">\r\n\t\t\t\t\t<div class=\"icon-box\"><img decoding=\"async\" width=\"300\" height=\"225\" src=\"https:\/\/buborek.hu\/wp-content\/uploads\/2023\/03\/icon-Kezdo-buvar-300x225.png\" class=\"attachment-medium size-medium wp-image-10763\" alt=\"\" srcset=\"https:\/\/buborek.hu\/wp-content\/uploads\/2023\/03\/icon-Kezdo-buvar-300x225.png 300w, https:\/\/buborek.hu\/wp-content\/uploads\/2023\/03\/icon-Kezdo-buvar.png 400w\" sizes=\"(max-width: 300px) 100vw, 300px\" \/><\/div>\t\t\t\t\t<div class=\"service-content\">\r\n\t\t\t\t\t\t<h4 >Ronilac po\u010detnik<\/h4><p >Ako nikada prije niste ronili, ali vas zanima \u0161to se krije ispod povr\u0161ine, po\u010dnite ovdje!<\/p>\t\t\t\t\t\t\t\t\t\t\t\t<a class=\"service-read-more\" href=\"https:\/\/buborek.hu\/hr\/oktatas\/owd\/\"  target=\"_blank\"  rel=\"nofollow\">\r\n\t\t\t\t\t\t\t<span class=\"icon-wrap\">\r\n\t\t\t\t\t\t\t\t<span class=\"hover-anim\">\r\n\t\t\t\t\t\t\t\t\t<span class=\"text-wrap\">Pogleda\u0107u<\/span>\r\n\t\t\t\t\t\t\t\t\t<i class=\"fa fa-angle-right\"><\/i>\r\n\t\t\t\t\t\t\t\t<\/span>\r\n\t\t\t\t\t\t\t<\/span>\r\n\t\t\t\t\t\t<\/a>\r\n\t\t\t\t\t\t\t\t\t\t\t<\/div>\r\n\t\t\t\t<\/div>\r\n\t\t\t<\/div>\r\n\t\t<\/div>\r\n\r\n\t\t\t<\/div>\n\t\t\t\t<\/div>\n\t\t\t\t\t<\/div>\n\t\t<\/div>\n\t\t\t\t<div class=\"elementor-column elementor-col-16 elementor-top-column elementor-element elementor-element-1473e04\" data-id=\"1473e04\" data-element_type=\"column\">\n\t\t\t<div class=\"elementor-widget-wrap elementor-element-populated\">\n\t\t\t\t\t\t<div class=\"elementor-element elementor-element-3ec26eb elementor-widget elementor-widget-wt_bs_servicebox\" data-id=\"3ec26eb\" data-element_type=\"widget\" data-settings=\"{&quot;wt_text_align&quot;:&quot;center-content&quot;,&quot;wt_icon_position&quot;:&quot;icon-top-align&quot;}\" data-widget_type=\"wt_bs_servicebox.default\">\n\t\t\t\t<div class=\"elementor-widget-container\">\n\t\t\t\t\t<div class=\"wt-service-wrapper\">\r\n\t\t\t<div class=\"wt-service-box icon-top-align center-content\">\r\n\t\t\t\t<div class=\"wt-service-box-inner\">\r\n\t\t\t\t\t<div class=\"icon-box\"><img loading=\"lazy\" decoding=\"async\" width=\"300\" height=\"225\" src=\"https:\/\/buborek.hu\/wp-content\/uploads\/2023\/03\/icon-Specialis-tanfolyamok-300x225.png\" class=\"attachment-medium size-medium wp-image-10765\" alt=\"\" srcset=\"https:\/\/buborek.hu\/wp-content\/uploads\/2023\/03\/icon-Specialis-tanfolyamok-300x225.png 300w, https:\/\/buborek.hu\/wp-content\/uploads\/2023\/03\/icon-Specialis-tanfolyamok.png 400w\" sizes=\"(max-width: 300px) 100vw, 300px\" \/><\/div>\t\t\t\t\t<div class=\"service-content\">\r\n\t\t\t\t\t\t<h4 >Specijalisti\u010dki te\u010dajevi<\/h4><p >Nau\u010dite roniti me\u0111u olupinama, u \u0161piljama, iz broda, s instrumentima itd. <\/p>\t\t\t\t\t\t\t\t\t\t\t\t<a class=\"service-read-more\" href=\"https:\/\/buborek.hu\/hr\/oktatas\/spec\/\"  target=\"_blank\"  rel=\"nofollow\">\r\n\t\t\t\t\t\t\t<span class=\"icon-wrap\">\r\n\t\t\t\t\t\t\t\t<span class=\"hover-anim\">\r\n\t\t\t\t\t\t\t\t\t<span class=\"text-wrap\">Pogleda\u0107u<\/span>\r\n\t\t\t\t\t\t\t\t\t<i class=\"fa fa-angle-right\"><\/i>\r\n\t\t\t\t\t\t\t\t<\/span>\r\n\t\t\t\t\t\t\t<\/span>\r\n\t\t\t\t\t\t<\/a>\r\n\t\t\t\t\t\t\t\t\t\t\t<\/div>\r\n\t\t\t\t<\/div>\r\n\t\t\t<\/div>\r\n\t\t<\/div>\r\n\r\n\t\t\t<\/div>\n\t\t\t\t<\/div>\n\t\t\t\t\t<\/div>\n\t\t<\/div>\n\t\t\t\t<div class=\"elementor-column elementor-col-16 elementor-top-column elementor-element elementor-element-97f97d8\" data-id=\"97f97d8\" data-element_type=\"column\">\n\t\t\t<div class=\"elementor-widget-wrap elementor-element-populated\">\n\t\t\t\t\t\t<div class=\"elementor-element elementor-element-cdcddc2 elementor-widget elementor-widget-wt_bs_servicebox\" data-id=\"cdcddc2\" data-element_type=\"widget\" data-settings=\"{&quot;wt_text_align&quot;:&quot;center-content&quot;,&quot;wt_icon_position&quot;:&quot;icon-top-align&quot;}\" data-widget_type=\"wt_bs_servicebox.default\">\n\t\t\t\t<div class=\"elementor-widget-container\">\n\t\t\t\t\t<div class=\"wt-service-wrapper\">\r\n\t\t\t<div class=\"wt-service-box icon-top-align center-content\">\r\n\t\t\t\t<div class=\"wt-service-box-inner\">\r\n\t\t\t\t\t<div class=\"icon-box\"><img loading=\"lazy\" decoding=\"async\" width=\"300\" height=\"225\" src=\"https:\/\/buborek.hu\/wp-content\/uploads\/2023\/03\/icon-Halado-buvar-300x225.png\" class=\"attachment-medium size-medium wp-image-10761\" alt=\"\" srcset=\"https:\/\/buborek.hu\/wp-content\/uploads\/2023\/03\/icon-Halado-buvar-300x225.png 300w, https:\/\/buborek.hu\/wp-content\/uploads\/2023\/03\/icon-Halado-buvar.png 400w\" sizes=\"(max-width: 300px) 100vw, 300px\" \/><\/div>\t\t\t\t\t<div class=\"service-content\">\r\n\t\t\t\t\t\t<h4 >Napredni ronilac<\/h4><p >Ako ste odlu\u010dili da je ronjenje za vas vi\u0161e od samo godi\u0161nji hobija.<\/p>\t\t\t\t\t\t\t\t\t\t\t\t<a class=\"service-read-more\" href=\"https:\/\/buborek.hu\/hr\/oktatas\/aowd\/\"  target=\"_blank\"  rel=\"nofollow\">\r\n\t\t\t\t\t\t\t<span class=\"icon-wrap\">\r\n\t\t\t\t\t\t\t\t<span class=\"hover-anim\">\r\n\t\t\t\t\t\t\t\t\t<span class=\"text-wrap\">Pogleda\u0107u<\/span>\r\n\t\t\t\t\t\t\t\t\t<i class=\"fa fa-angle-right\"><\/i>\r\n\t\t\t\t\t\t\t\t<\/span>\r\n\t\t\t\t\t\t\t<\/span>\r\n\t\t\t\t\t\t<\/a>\r\n\t\t\t\t\t\t\t\t\t\t\t<\/div>\r\n\t\t\t\t<\/div>\r\n\t\t\t<\/div>\r\n\t\t<\/div>\r\n\r\n\t\t\t<\/div>\n\t\t\t\t<\/div>\n\t\t\t\t\t<\/div>\n\t\t<\/div>\n\t\t\t\t<div class=\"elementor-column elementor-col-16 elementor-top-column elementor-element elementor-element-c50ee5f\" data-id=\"c50ee5f\" data-element_type=\"column\">\n\t\t\t<div class=\"elementor-widget-wrap elementor-element-populated\">\n\t\t\t\t\t\t<div class=\"elementor-element elementor-element-e54d919 elementor-widget elementor-widget-wt_bs_servicebox\" data-id=\"e54d919\" data-element_type=\"widget\" data-settings=\"{&quot;wt_text_align&quot;:&quot;center-content&quot;,&quot;wt_icon_position&quot;:&quot;icon-top-align&quot;}\" data-widget_type=\"wt_bs_servicebox.default\">\n\t\t\t\t<div class=\"elementor-widget-container\">\n\t\t\t\t\t<div class=\"wt-service-wrapper\">\r\n\t\t\t<div class=\"wt-service-box icon-top-align center-content\">\r\n\t\t\t\t<div class=\"wt-service-box-inner\">\r\n\t\t\t\t\t<div class=\"icon-box\"><img loading=\"lazy\" decoding=\"async\" width=\"300\" height=\"225\" src=\"https:\/\/buborek.hu\/wp-content\/uploads\/2023\/03\/icon-Hivatasos-buvar-300x225.png\" class=\"attachment-medium size-medium wp-image-10762\" alt=\"\" srcset=\"https:\/\/buborek.hu\/wp-content\/uploads\/2023\/03\/icon-Hivatasos-buvar-300x225.png 300w, https:\/\/buborek.hu\/wp-content\/uploads\/2023\/03\/icon-Hivatasos-buvar.png 400w\" sizes=\"(max-width: 300px) 100vw, 300px\" \/><\/div>\t\t\t\t\t<div class=\"service-content\">\r\n\t\t\t\t\t\t<h4 >Profesionalni ronilac<\/h4><p >Ako \u017eelite ne samo vje\u017ebati ronjenje, ve\u0107 ga i podu\u010davati.<\/p>\t\t\t\t\t\t\t\t\t\t\t\t<a class=\"service-read-more\" href=\"https:\/\/buborek.hu\/hr\/oktatas\/professional\/\"  target=\"_blank\"  rel=\"nofollow\">\r\n\t\t\t\t\t\t\t<span class=\"icon-wrap\">\r\n\t\t\t\t\t\t\t\t<span class=\"hover-anim\">\r\n\t\t\t\t\t\t\t\t\t<span class=\"text-wrap\">Pogleda\u0107u<\/span>\r\n\t\t\t\t\t\t\t\t\t<i class=\"fa fa-angle-right\"><\/i>\r\n\t\t\t\t\t\t\t\t<\/span>\r\n\t\t\t\t\t\t\t<\/span>\r\n\t\t\t\t\t\t<\/a>\r\n\t\t\t\t\t\t\t\t\t\t\t<\/div>\r\n\t\t\t\t<\/div>\r\n\t\t\t<\/div>\r\n\t\t<\/div>\r\n\r\n\t\t\t<\/div>\n\t\t\t\t<\/div>\n\t\t\t\t\t<\/div>\n\t\t<\/div>\n\t\t\t\t<div class=\"elementor-column elementor-col-16 elementor-top-column elementor-element elementor-element-9ab2489\" data-id=\"9ab2489\" data-element_type=\"column\">\n\t\t\t<div class=\"elementor-widget-wrap elementor-element-populated\">\n\t\t\t\t\t\t<div class=\"elementor-element elementor-element-06bbcef elementor-widget elementor-widget-wt_bs_servicebox\" data-id=\"06bbcef\" data-element_type=\"widget\" data-settings=\"{&quot;wt_text_align&quot;:&quot;center-content&quot;,&quot;wt_icon_position&quot;:&quot;icon-top-align&quot;}\" data-widget_type=\"wt_bs_servicebox.default\">\n\t\t\t\t<div class=\"elementor-widget-container\">\n\t\t\t<style>.elementor-element-06bbcef{display:none !important}<\/style>\t\t<\/div>\n\t\t\t\t<\/div>\n\t\t\t\t\t<\/div>\n\t\t<\/div>\n\t\t\t\t<div class=\"elementor-column elementor-col-16 elementor-top-column elementor-element elementor-element-fb6da02\" data-id=\"fb6da02\" data-element_type=\"column\">\n\t\t\t<div class=\"elementor-widget-wrap elementor-element-populated\">\n\t\t\t\t\t\t<div class=\"elementor-element elementor-element-9ed49b6 elementor-widget elementor-widget-wt_bs_servicebox\" data-id=\"9ed49b6\" data-element_type=\"widget\" data-settings=\"{&quot;wt_text_align&quot;:&quot;center-content&quot;,&quot;wt_icon_position&quot;:&quot;icon-top-align&quot;}\" data-widget_type=\"wt_bs_servicebox.default\">\n\t\t\t\t<div class=\"elementor-widget-container\">\n\t\t\t<style>.elementor-element-9ed49b6{display:none !important}<\/style>\t\t<\/div>\n\t\t\t\t<\/div>\n\t\t\t\t\t<\/div>\n\t\t<\/div>\n\t\t\t\t\t<\/div>\n\t\t<\/section>\n\t\t\t\t<\/div>","protected":false},"excerpt":{"rendered":"<p>MESTERB\u00daV\u00c1R Master Diver Mesterb\u00fav\u00e1r A mesterb\u00fav\u00e1r fokozat a szabadid\u0151s b\u00fav\u00e1rkod\u00e1s legfels\u0151 szintje. Ha van legal\u00e1bb 50 napl\u00f3zott mer\u00fcl\u00e9sed, n\u00e9gy specialit\u00e1s tanfolyamod \u00e9s sikeresen elv\u00e9gezted a stressz \u00e9s ment\u00e9s tanfolyamot is, ig\u00e9nyelheted mesterb\u00fav\u00e1ri min\u0151s\u00edt\u00e9sed. 1. Regisztr\u00e1lj a divessi.com oldalon. Add meg a szem\u00e9lyes adataid, b\u00fav\u00e1rb\u00e1zisnak pedig v\u00e1laszd a Bubor\u00e9k B\u00fav\u00e1rk\u00f6zpontot. Sikeres regisztr\u00e1l\u00e1s eset\u00e9n egy visszaigazol\u00f3 e-mailt<\/p>","protected":false},"author":3,"featured_media":0,"parent":42,"menu_order":0,"comment_status":"closed","ping_status":"closed","template":"elementor_header_footer","meta":{"_monsterinsights_skip_tracking":false,"_monsterinsights_sitenote_active":false,"_monsterinsights_sitenote_note":"","_monsterinsights_sitenote_category":0,"footnotes":""},"class_list":["post-11330","page","type-page","status-publish","hentry"],"acf":[],"_links":{"self":[{"href":"https:\/\/buborek.hu\/hr\/wp-json\/wp\/v2\/pages\/11330","targetHints":{"allow":["GET"]}}],"collection":[{"href":"https:\/\/buborek.hu\/hr\/wp-json\/wp\/v2\/pages"}],"about":[{"href":"https:\/\/buborek.hu\/hr\/wp-json\/wp\/v2\/types\/page"}],"author":[{"embeddable":true,"href":"https:\/\/buborek.hu\/hr\/wp-json\/wp\/v2\/users\/3"}],"replies":[{"embeddable":true,"href":"https:\/\/buborek.hu\/hr\/wp-json\/wp\/v2\/comments?post=11330"}],"version-history":[{"count":19,"href":"https:\/\/buborek.hu\/hr\/wp-json\/wp\/v2\/pages\/11330\/revisions"}],"predecessor-version":[{"id":12572,"href":"https:\/\/buborek.hu\/hr\/wp-json\/wp\/v2\/pages\/11330\/revisions\/12572"}],"up":[{"embeddable":true,"href":"https:\/\/buborek.hu\/hr\/wp-json\/wp\/v2\/pages\/42"}],"wp:attachment":[{"href":"https:\/\/buborek.hu\/hr\/wp-json\/wp\/v2\/media?parent=11330"}],"curies":[{"name":"wp","href":"https:\/\/api.w.org\/{rel}","templated":true}]}}