{"id":11970,"date":"2023-05-15T20:20:55","date_gmt":"2023-05-15T18:20:55","guid":{"rendered":"https:\/\/buborek.hu\/?page_id=11970"},"modified":"2026-02-23T20:59:54","modified_gmt":"2026-02-23T19:59:54","slug":"discovery","status":"publish","type":"page","link":"https:\/\/buborek.hu\/hr\/oktatas\/discovery\/","title":{"rendered":"Probno ronjenje"},"content":{"rendered":"<div data-elementor-type=\"wp-page\" data-elementor-id=\"11970\" class=\"elementor elementor-11970\">\n\t\t\t\t\t\t<section class=\"elementor-section elementor-top-section elementor-element elementor-element-e64bb91 elementor-section-height-min-height elementor-section-boxed elementor-section-height-default elementor-section-items-middle\" data-id=\"e64bb91\" data-element_type=\"section\" data-settings=\"{&quot;background_background&quot;:&quot;classic&quot;}\">\n\t\t\t\t\t\t\t<div class=\"elementor-background-overlay\"><\/div>\n\t\t\t\t\t\t\t<div class=\"elementor-container elementor-column-gap-default\">\n\t\t\t\t\t<div class=\"elementor-column elementor-col-100 elementor-top-column elementor-element elementor-element-b09cdfc\" data-id=\"b09cdfc\" data-element_type=\"column\" data-settings=\"{&quot;background_background&quot;:&quot;classic&quot;}\">\n\t\t\t<div class=\"elementor-widget-wrap elementor-element-populated\">\n\t\t\t\t\t\t<div class=\"elementor-element elementor-element-55582e0 elementor-widget elementor-widget-wt_bs_heading\" data-id=\"55582e0\" data-element_type=\"widget\" data-widget_type=\"wt_bs_heading.default\">\n\t\t\t\t<div class=\"elementor-widget-container\">\n\t\t\t\t\t<div id=\"wt-at-55582e0\" class=\"headng-wrap\">\r\n\t\t\t<div class=\"section-heading\">\r\n\t\t\t\t\t\t\t\t\t\t\t<h2\r\n\t\t\t\t \t\t\t\t>Probno ronjenje<\/h2>\r\n\t\t\t\t\t\t\t\t\t\t\t<\/div>\r\n\t\t<\/div>\r\n\r\n\t\t\t<\/div>\n\t\t\t\t<\/div>\n\t\t\t\t\t<\/div>\n\t\t<\/div>\n\t\t\t\t\t<\/div>\n\t\t<\/section>\n\t\t\t\t<section class=\"elementor-section elementor-top-section elementor-element elementor-element-0a5971c elementor-section-boxed elementor-section-height-default elementor-section-height-default\" data-id=\"0a5971c\" data-element_type=\"section\">\n\t\t\t\t\t\t<div class=\"elementor-container elementor-column-gap-default\">\n\t\t\t\t\t<div class=\"elementor-column elementor-col-50 elementor-top-column elementor-element elementor-element-64e1c5b\" data-id=\"64e1c5b\" data-element_type=\"column\">\n\t\t\t<div class=\"elementor-widget-wrap elementor-element-populated\">\n\t\t\t\t\t\t<div class=\"elementor-element elementor-element-4df7ffc elementor-widget__width-initial elementor-widget elementor-widget-wt_bs_heading\" data-id=\"4df7ffc\" data-element_type=\"widget\" data-widget_type=\"wt_bs_heading.default\">\n\t\t\t\t<div class=\"elementor-widget-container\">\n\t\t\t\t\t<div id=\"wt-at-4df7ffc\" class=\"headng-wrap\">\r\n\t\t\t<div class=\"section-heading\">\r\n\t\t\t\t\t\t\t<h4\r\n\t\t\t\t \t\t\t\t>DISCOVERY DIVE<\/h4>\r\n\t\t\t\t\t\t\t\t\t\t\t\t<h2\r\n\t\t\t\t \t\t\t\t>Probno ronjenje<\/h2>\r\n\t\t\t\t\t\t\t\t\t\t\t\t<p \t\t\t\t>Za nekvalificirane ronioce mo\u017eemo ponuditi probno ronjenje, tijekom kojeg instruktor roni s \"novim roniocem\". Na taj na\u010din mo\u017eete isprobati podvodni svijet u potpunoj sigurnosti. <br><br>Za probni zaron trebali biste predvidjeti otprilike 3 sata. Kao prvi korak programa, u bazi \u0107emo odabrati opremu odgovaraju\u0107e veli\u010dine i razgovarati o ronjenju. Zatim \u0107emo se spustiti na pla\u017eu, gdje \u0107emo u\u0107i u vodu. Prema standardima, maksimalna dubina zarona bit \u0107e 5 metara.<\/p>\r\n\t\t\t\t\t\t\t<\/div>\r\n\t\t<\/div>\r\n\r\n\t\t\t<\/div>\n\t\t\t\t<\/div>\n\t\t\t\t<div class=\"elementor-element elementor-element-53453fa elementor-icon-list--layout-traditional elementor-list-item-link-full_width elementor-widget elementor-widget-icon-list\" data-id=\"53453fa\" data-element_type=\"widget\" data-widget_type=\"icon-list.default\">\n\t\t\t\t<div class=\"elementor-widget-container\">\n\t\t\t\t\t<ul class=\"elementor-icon-list-items\">\n\t\t\t\t\t\t\t<li class=\"elementor-icon-list-item\">\n\t\t\t\t\t\t\t\t\t\t\t<span class=\"elementor-icon-list-icon\">\n\t\t\t\t\t\t\t<i aria-hidden=\"true\" class=\"fas fa-check\"><\/i>\t\t\t\t\t\t<\/span>\n\t\t\t\t\t\t\t\t\t\t<span class=\"elementor-icon-list-text\">Probno ronjenje s obala: 70 \u20ac<\/span>\n\t\t\t\t\t\t\t\t\t<\/li>\n\t\t\t\t\t\t\t\t<li class=\"elementor-icon-list-item\">\n\t\t\t\t\t\t\t\t\t\t\t<span class=\"elementor-icon-list-icon\">\n\t\t\t\t\t\t\t<i aria-hidden=\"true\" class=\"fas fa-check\"><\/i>\t\t\t\t\t\t<\/span>\n\t\t\t\t\t\t\t\t\t\t<span class=\"elementor-icon-list-text\">Jedan probno ronjenje s broda: 90 \u20ac \/ 100 \u20ac<\/span>\n\t\t\t\t\t\t\t\t\t<\/li>\n\t\t\t\t\t\t\t\t<li class=\"elementor-icon-list-item\">\n\t\t\t\t\t\t\t\t\t\t\t<span class=\"elementor-icon-list-icon\">\n\t\t\t\t\t\t\t<i aria-hidden=\"true\" class=\"fas fa-check\"><\/i>\t\t\t\t\t\t<\/span>\n\t\t\t\t\t\t\t\t\t\t<span class=\"elementor-icon-list-text\"><span style=\"letter-spacing: -0.3px;\">Dva probno ronjenje s broda: 130<\/span>\u20ac<span style=\"letter-spacing: -0.3px;\">\/140 <\/span>\u20ac<span style=\"letter-spacing: -0.3px;\"><\/span><\/span>\n\t\t\t\t\t\t\t\t\t<\/li>\n\t\t\t\t\t\t<\/ul>\n\t\t\t\t<\/div>\n\t\t\t\t<\/div>\n\t\t\t\t<div class=\"elementor-element elementor-element-4da2e7c elementor-align-center elementor-widget elementor-widget-button\" data-id=\"4da2e7c\" data-element_type=\"widget\" data-widget_type=\"button.default\">\n\t\t\t\t<div class=\"elementor-widget-container\">\n\t\t\t\t\t\t\t<div class=\"elementor-button-wrapper\">\n\t\t\t\t\t<a class=\"elementor-button elementor-button-link elementor-size-sm\" href=\"https:\/\/buborek.hu\/hr\/kapcsolat\/\">\n\t\t\t\t\t\t<span class=\"elementor-button-content-wrapper\">\n\t\t\t\t\t\t\t\t\t<span class=\"elementor-button-text\">NAZOVITE NAS!<\/span>\n\t\t\t\t\t<\/span>\n\t\t\t\t\t<\/a>\n\t\t\t\t<\/div>\n\t\t\t\t\t\t<\/div>\n\t\t\t\t<\/div>\n\t\t\t\t<div class=\"elementor-element elementor-element-482efd9 elementor-widget elementor-widget-wt_bs_heading\" data-id=\"482efd9\" data-element_type=\"widget\" data-widget_type=\"wt_bs_heading.default\">\n\t\t\t\t<div class=\"elementor-widget-container\">\n\t\t\t\t\t<div id=\"wt-at-482efd9\" class=\"headng-wrap\">\r\n\t\t\t<div class=\"section-heading\">\r\n\t\t\t\t\t\t\t\t\t\t\t\t\t\t\t<p \t\t\t\t>Preporu\u010dujemo da se registrirate na www.divessi.com i zavr\u0161ite besplatni online te\u010daj \"TryScuba\" prije ronjenja. To traje oko pola s<i>a<\/i>ta, a njegovim zavr\u0161etkom mo\u017eete zapo\u010deti ronjenje s korisnim znanjem, tako da \u0107ete imati jo\u0161 bogatije iskustvo.<\/p>\r\n\t\t\t\t\t\t\t<\/div>\r\n\t\t<\/div>\r\n\r\n\t\t\t<\/div>\n\t\t\t\t<\/div>\n\t\t\t\t\t<\/div>\n\t\t<\/div>\n\t\t\t\t<div class=\"elementor-column elementor-col-50 elementor-top-column elementor-element elementor-element-2c5c01f\" data-id=\"2c5c01f\" data-element_type=\"column\">\n\t\t\t<div class=\"elementor-widget-wrap elementor-element-populated\">\n\t\t\t\t\t\t<div class=\"elementor-element elementor-element-9a9ee54 elementor-widget elementor-widget-image\" data-id=\"9a9ee54\" data-element_type=\"widget\" data-widget_type=\"image.default\">\n\t\t\t\t<div class=\"elementor-widget-container\">\n\t\t\t\t\t\t\t\t\t\t\t\t\t\t<a href=\"https:\/\/buborek.hu\/wp-content\/uploads\/2023\/04\/Pathway-Poster-Scuba-Extended-Range-BUBOREK.pdf\" target=\"_blank\" rel=\"nofollow\">\n\t\t\t\t\t\t\t<img fetchpriority=\"high\" decoding=\"async\" width=\"800\" height=\"533\" src=\"https:\/\/buborek.hu\/wp-content\/uploads\/2023\/05\/Discovery-image.jpg\" class=\"attachment-large size-large wp-image-11975\" alt=\"\" srcset=\"https:\/\/buborek.hu\/wp-content\/uploads\/2023\/05\/Discovery-image.jpg 800w, https:\/\/buborek.hu\/wp-content\/uploads\/2023\/05\/Discovery-image-300x200.jpg 300w, https:\/\/buborek.hu\/wp-content\/uploads\/2023\/05\/Discovery-image-768x512.jpg 768w, https:\/\/buborek.hu\/wp-content\/uploads\/2023\/05\/Discovery-image-18x12.jpg 18w\" sizes=\"(max-width: 800px) 100vw, 800px\" \/>\t\t\t\t\t\t\t\t<\/a>\n\t\t\t\t\t\t\t\t\t\t\t\t\t<\/div>\n\t\t\t\t<\/div>\n\t\t\t\t<div class=\"elementor-element elementor-element-02a0764 elementor-widget elementor-widget-image\" data-id=\"02a0764\" data-element_type=\"widget\" data-widget_type=\"image.default\">\n\t\t\t\t<div class=\"elementor-widget-container\">\n\t\t\t\t\t\t\t\t\t\t\t\t\t\t<a href=\"https:\/\/my.divessi.com\/register\/ref\/723055\">\n\t\t\t\t\t\t\t<img decoding=\"async\" width=\"150\" height=\"150\" src=\"https:\/\/buborek.hu\/wp-content\/uploads\/2023\/04\/DIVESSI-BUBOREK-DC_cr_723055-150x150.png\" class=\"attachment-thumbnail size-thumbnail wp-image-11162\" alt=\"\" srcset=\"https:\/\/buborek.hu\/wp-content\/uploads\/2023\/04\/DIVESSI-BUBOREK-DC_cr_723055-150x150.png 150w, https:\/\/buborek.hu\/wp-content\/uploads\/2023\/04\/DIVESSI-BUBOREK-DC_cr_723055-120x120.png 120w, https:\/\/buborek.hu\/wp-content\/uploads\/2023\/04\/DIVESSI-BUBOREK-DC_cr_723055-300x300.png 300w\" sizes=\"(max-width: 150px) 100vw, 150px\" \/>\t\t\t\t\t\t\t\t<\/a>\n\t\t\t\t\t\t\t\t\t\t\t\t\t<\/div>\n\t\t\t\t<\/div>\n\t\t\t\t<div class=\"elementor-element elementor-element-d503eac elementor-widget__width-initial elementor-widget elementor-widget-wt_bs_heading\" data-id=\"d503eac\" data-element_type=\"widget\" data-widget_type=\"wt_bs_heading.default\">\n\t\t\t\t<div class=\"elementor-widget-container\">\n\t\t\t\t\t<div id=\"wt-at-d503eac\" class=\"headng-wrap\">\r\n\t\t\t<div class=\"section-heading\">\r\n\t\t\t\t\t\t\t\t\t\t\t\t\t\t\t<p \t\t\t\t>1. Registrirajte se na <a href=\"https:\/\/my.divessi.com\/register\/ref\/723055\"> divessi.com <\/a> stranica. Unesite svoje osobne podatke i odaberite ronila\u010dki centar Bubor\u00e9k kao svoju ronila\u010dku bazu. <br>Nakon uspje\u0161ne registracije primit \u0107ete e-poruku s potvrdom od SSI-ja, stoga je vrlo va\u017eno da navedete aktivnu, funkcionalnu adresu e-po\u0161te. Nakon \u0161to to u\u010dinite, kreirali ste vlastiti ronila\u010dki profil.<\/p>\r\n\t\t\t\t\t\t\t<\/div>\r\n\t\t<\/div>\r\n\r\n\t\t\t<\/div>\n\t\t\t\t<\/div>\n\t\t\t\t<div class=\"elementor-element elementor-element-6da8493 elementor-widget__width-initial elementor-widget elementor-widget-wt_bs_heading\" data-id=\"6da8493\" data-element_type=\"widget\" data-widget_type=\"wt_bs_heading.default\">\n\t\t\t\t<div class=\"elementor-widget-container\">\n\t\t\t\t\t<div id=\"wt-at-6da8493\" class=\"headng-wrap\">\r\n\t\t\t<div class=\"section-heading\">\r\n\t\t\t\t\t\t\t\t\t\t\t\t\t\t\t<p \t\t\t\t>2. Najlak\u0161i na\u010din za pristup va\u0161em profilu je putem aplikacije MySSI (tako\u0111er dostupno kao <a href=\"https:\/\/apps.apple.com\/us\/app\/myssi\/id1249389209\" >IOS<\/a> ili <a href=\"https:\/\/play.google.com\/store\/apps\/details?id=com.divessi.ssi&hl=hu&pli=1\" >Android <\/a> aplikacija) Ispunite dodatne podatke u prijavi i prenesite fotografiju za identifikaciju. \n<br>\nVrlo je va\u017eno da slika ispunjava sve formalne uvjete za fotografiju za osobnu iskaznicu. \n\n<br><br>\n<b>Putem ove aplikacije imat \u0107ete pristup svojim online te\u010dajevima, svojoj online bilje\u017enici ronjenja, a kasnije \u010dak i vlastitoj ronila\u010dkoj potvrdi.<\/b><\/p>\r\n\t\t\t\t\t\t\t<\/div>\r\n\t\t<\/div>\r\n\r\n\t\t\t<\/div>\n\t\t\t\t<\/div>\n\t\t\t\t\t<\/div>\n\t\t<\/div>\n\t\t\t\t\t<\/div>\n\t\t<\/section>\n\t\t\t\t<section class=\"elementor-section elementor-top-section elementor-element elementor-element-48840a8 elementor-section-boxed elementor-section-height-default elementor-section-height-default\" data-id=\"48840a8\" data-element_type=\"section\">\n\t\t\t\t\t\t<div class=\"elementor-container elementor-column-gap-default\">\n\t\t\t\t\t<div class=\"elementor-column elementor-col-100 elementor-top-column elementor-element elementor-element-8ae1534\" data-id=\"8ae1534\" data-element_type=\"column\">\n\t\t\t<div class=\"elementor-widget-wrap elementor-element-populated\">\n\t\t\t\t\t\t<div class=\"elementor-element elementor-element-505447b elementor-widget elementor-widget-wt_bs_heading\" data-id=\"505447b\" data-element_type=\"widget\" data-widget_type=\"wt_bs_heading.default\">\n\t\t\t\t<div class=\"elementor-widget-container\">\n\t\t\t\t\t<div id=\"wt-at-505447b\" class=\"headng-wrap\">\r\n\t\t\t<div class=\"section-heading\">\r\n\t\t\t\t\t\t\t\t\t\t\t<h2\r\n\t\t\t\t \t\t\t\t>Na\u0161i ostali te\u010dajevi obuke:<\/h2>\r\n\t\t\t\t\t\t\t\t\t\t\t<\/div>\r\n\t\t<\/div>\r\n\r\n\t\t\t<\/div>\n\t\t\t\t<\/div>\n\t\t\t\t\t<\/div>\n\t\t<\/div>\n\t\t\t\t\t<\/div>\n\t\t<\/section>\n\t\t\t\t<section class=\"elementor-section elementor-top-section elementor-element elementor-element-318b123 elementor-section-boxed elementor-section-height-default elementor-section-height-default\" data-id=\"318b123\" data-element_type=\"section\">\n\t\t\t\t\t\t<div class=\"elementor-container elementor-column-gap-default\">\n\t\t\t\t\t<div class=\"elementor-column elementor-col-16 elementor-top-column elementor-element elementor-element-6e5f973\" data-id=\"6e5f973\" data-element_type=\"column\">\n\t\t\t<div class=\"elementor-widget-wrap elementor-element-populated\">\n\t\t\t\t\t\t<div class=\"elementor-element elementor-element-c31a5bd elementor-widget elementor-widget-wt_bs_servicebox\" data-id=\"c31a5bd\" data-element_type=\"widget\" data-settings=\"{&quot;wt_text_align&quot;:&quot;center-content&quot;,&quot;wt_icon_position&quot;:&quot;icon-top-align&quot;}\" data-widget_type=\"wt_bs_servicebox.default\">\n\t\t\t\t<div class=\"elementor-widget-container\">\n\t\t\t\t\t<div class=\"wt-service-wrapper\">\r\n\t\t\t<div class=\"wt-service-box icon-top-align center-content\">\r\n\t\t\t\t<div class=\"wt-service-box-inner\">\r\n\t\t\t\t\t<div class=\"icon-box\"><img decoding=\"async\" width=\"300\" height=\"225\" src=\"https:\/\/buborek.hu\/wp-content\/uploads\/2023\/03\/icon-Kezdo-buvar-300x225.png\" class=\"attachment-medium size-medium wp-image-10763\" alt=\"\" srcset=\"https:\/\/buborek.hu\/wp-content\/uploads\/2023\/03\/icon-Kezdo-buvar-300x225.png 300w, https:\/\/buborek.hu\/wp-content\/uploads\/2023\/03\/icon-Kezdo-buvar.png 400w\" sizes=\"(max-width: 300px) 100vw, 300px\" \/><\/div>\t\t\t\t\t<div class=\"service-content\">\r\n\t\t\t\t\t\t<h4 >Ronilac po\u010detnik<\/h4><p >Prvi korak je ako ste ve\u0107 odlu\u010dili da \u017eelite postati ronilac!<\/p>\t\t\t\t\t\t\t\t\t\t\t\t<a class=\"service-read-more\" href=\"https:\/\/buborek.hu\/hr\/oktatas\/owd\/\"  target=\"_blank\"  rel=\"nofollow\">\r\n\t\t\t\t\t\t\t<span class=\"icon-wrap\">\r\n\t\t\t\t\t\t\t\t<span class=\"hover-anim\">\r\n\t\t\t\t\t\t\t\t\t<span class=\"text-wrap\">Pogleda\u0107u<\/span>\r\n\t\t\t\t\t\t\t\t\t<i class=\"fa fa-angle-right\"><\/i>\r\n\t\t\t\t\t\t\t\t<\/span>\r\n\t\t\t\t\t\t\t<\/span>\r\n\t\t\t\t\t\t<\/a>\r\n\t\t\t\t\t\t\t\t\t\t\t<\/div>\r\n\t\t\t\t<\/div>\r\n\t\t\t<\/div>\r\n\t\t<\/div>\r\n\r\n\t\t\t<\/div>\n\t\t\t\t<\/div>\n\t\t\t\t\t<\/div>\n\t\t<\/div>\n\t\t\t\t<div class=\"elementor-column elementor-col-16 elementor-top-column elementor-element elementor-element-1473e04\" data-id=\"1473e04\" data-element_type=\"column\">\n\t\t\t<div class=\"elementor-widget-wrap elementor-element-populated\">\n\t\t\t\t\t\t<div class=\"elementor-element elementor-element-3ec26eb elementor-widget elementor-widget-wt_bs_servicebox\" data-id=\"3ec26eb\" data-element_type=\"widget\" data-settings=\"{&quot;wt_text_align&quot;:&quot;center-content&quot;,&quot;wt_icon_position&quot;:&quot;icon-top-align&quot;}\" data-widget_type=\"wt_bs_servicebox.default\">\n\t\t\t\t<div class=\"elementor-widget-container\">\n\t\t\t\t\t<div class=\"wt-service-wrapper\">\r\n\t\t\t<div class=\"wt-service-box icon-top-align center-content\">\r\n\t\t\t\t<div class=\"wt-service-box-inner\">\r\n\t\t\t\t\t<div class=\"icon-box\"><img loading=\"lazy\" decoding=\"async\" width=\"300\" height=\"225\" src=\"https:\/\/buborek.hu\/wp-content\/uploads\/2023\/03\/icon-Specialis-tanfolyamok-300x225.png\" class=\"attachment-medium size-medium wp-image-10765\" alt=\"\" srcset=\"https:\/\/buborek.hu\/wp-content\/uploads\/2023\/03\/icon-Specialis-tanfolyamok-300x225.png 300w, https:\/\/buborek.hu\/wp-content\/uploads\/2023\/03\/icon-Specialis-tanfolyamok.png 400w\" sizes=\"(max-width: 300px) 100vw, 300px\" \/><\/div>\t\t\t\t\t<div class=\"service-content\">\r\n\t\t\t\t\t\t<h4 >Specijalisti\u010dki te\u010dajevi<\/h4><p >Nau\u010dite roniti me\u0111u olupinama, u \u0161piljama, iz broda, s instrumentima itd. <\/p>\t\t\t\t\t\t\t\t\t\t\t\t<a class=\"service-read-more\" href=\"https:\/\/buborek.hu\/hr\/oktatas\/spec\/\"  target=\"_blank\"  rel=\"nofollow\">\r\n\t\t\t\t\t\t\t<span class=\"icon-wrap\">\r\n\t\t\t\t\t\t\t\t<span class=\"hover-anim\">\r\n\t\t\t\t\t\t\t\t\t<span class=\"text-wrap\">Pogleda\u0107u<\/span>\r\n\t\t\t\t\t\t\t\t\t<i class=\"fa fa-angle-right\"><\/i>\r\n\t\t\t\t\t\t\t\t<\/span>\r\n\t\t\t\t\t\t\t<\/span>\r\n\t\t\t\t\t\t<\/a>\r\n\t\t\t\t\t\t\t\t\t\t\t<\/div>\r\n\t\t\t\t<\/div>\r\n\t\t\t<\/div>\r\n\t\t<\/div>\r\n\r\n\t\t\t<\/div>\n\t\t\t\t<\/div>\n\t\t\t\t\t<\/div>\n\t\t<\/div>\n\t\t\t\t<div class=\"elementor-column elementor-col-16 elementor-top-column elementor-element elementor-element-97f97d8\" data-id=\"97f97d8\" data-element_type=\"column\">\n\t\t\t<div class=\"elementor-widget-wrap elementor-element-populated\">\n\t\t\t\t\t\t<div class=\"elementor-element elementor-element-cdcddc2 elementor-widget elementor-widget-wt_bs_servicebox\" data-id=\"cdcddc2\" data-element_type=\"widget\" data-settings=\"{&quot;wt_text_align&quot;:&quot;center-content&quot;,&quot;wt_icon_position&quot;:&quot;icon-top-align&quot;}\" data-widget_type=\"wt_bs_servicebox.default\">\n\t\t\t\t<div class=\"elementor-widget-container\">\n\t\t\t\t\t<div class=\"wt-service-wrapper\">\r\n\t\t\t<div class=\"wt-service-box icon-top-align center-content\">\r\n\t\t\t\t<div class=\"wt-service-box-inner\">\r\n\t\t\t\t\t<div class=\"icon-box\"><img loading=\"lazy\" decoding=\"async\" width=\"300\" height=\"225\" src=\"https:\/\/buborek.hu\/wp-content\/uploads\/2023\/03\/icon-Halado-buvar-300x225.png\" class=\"attachment-medium size-medium wp-image-10761\" alt=\"\" srcset=\"https:\/\/buborek.hu\/wp-content\/uploads\/2023\/03\/icon-Halado-buvar-300x225.png 300w, https:\/\/buborek.hu\/wp-content\/uploads\/2023\/03\/icon-Halado-buvar.png 400w\" sizes=\"(max-width: 300px) 100vw, 300px\" \/><\/div>\t\t\t\t\t<div class=\"service-content\">\r\n\t\t\t\t\t\t<h4 >Napredni ronilac<\/h4><p >Ako ste odlu\u010dili da je ronjenje za vas vi\u0161e od samo godi\u0161nji hobija.<\/p>\t\t\t\t\t\t\t\t\t\t\t\t<a class=\"service-read-more\" href=\"https:\/\/buborek.hu\/hr\/oktatas\/aowd\/\"  target=\"_blank\"  rel=\"nofollow\">\r\n\t\t\t\t\t\t\t<span class=\"icon-wrap\">\r\n\t\t\t\t\t\t\t\t<span class=\"hover-anim\">\r\n\t\t\t\t\t\t\t\t\t<span class=\"text-wrap\">Pogleda\u0107u<\/span>\r\n\t\t\t\t\t\t\t\t\t<i class=\"fa fa-angle-right\"><\/i>\r\n\t\t\t\t\t\t\t\t<\/span>\r\n\t\t\t\t\t\t\t<\/span>\r\n\t\t\t\t\t\t<\/a>\r\n\t\t\t\t\t\t\t\t\t\t\t<\/div>\r\n\t\t\t\t<\/div>\r\n\t\t\t<\/div>\r\n\t\t<\/div>\r\n\r\n\t\t\t<\/div>\n\t\t\t\t<\/div>\n\t\t\t\t\t<\/div>\n\t\t<\/div>\n\t\t\t\t<div class=\"elementor-column elementor-col-16 elementor-top-column elementor-element elementor-element-c50ee5f\" data-id=\"c50ee5f\" data-element_type=\"column\">\n\t\t\t<div class=\"elementor-widget-wrap elementor-element-populated\">\n\t\t\t\t\t\t<div class=\"elementor-element elementor-element-2006aa7 elementor-widget elementor-widget-wt_bs_servicebox\" data-id=\"2006aa7\" data-element_type=\"widget\" data-settings=\"{&quot;wt_text_align&quot;:&quot;center-content&quot;,&quot;wt_icon_position&quot;:&quot;icon-top-align&quot;}\" data-widget_type=\"wt_bs_servicebox.default\">\n\t\t\t\t<div class=\"elementor-widget-container\">\n\t\t\t\t\t<div class=\"wt-service-wrapper\">\r\n\t\t\t<div class=\"wt-service-box icon-top-align center-content\">\r\n\t\t\t\t<div class=\"wt-service-box-inner\">\r\n\t\t\t\t\t<div class=\"icon-box\"><img loading=\"lazy\" decoding=\"async\" width=\"300\" height=\"225\" src=\"https:\/\/buborek.hu\/wp-content\/uploads\/2023\/03\/icon-Mester-buvar-300x225.png\" class=\"attachment-medium size-medium wp-image-10764\" alt=\"\" srcset=\"https:\/\/buborek.hu\/wp-content\/uploads\/2023\/03\/icon-Mester-buvar-300x225.png 300w, https:\/\/buborek.hu\/wp-content\/uploads\/2023\/03\/icon-Mester-buvar.png 400w\" sizes=\"(max-width: 300px) 100vw, 300px\" \/><\/div>\t\t\t\t\t<div class=\"service-content\">\r\n\t\t\t\t\t\t<h4 >Glavni ronilac\n<\/h4><p >Najvi\u0161a razina rekreativnog ronjenja, kralj \"amaterskih\" ronilaca.<\/p>\t\t\t\t\t\t\t\t\t\t\t\t<a class=\"service-read-more\" href=\"https:\/\/buborek.hu\/hr\/oktatas\/master\/\"  >\r\n\t\t\t\t\t\t\t<span class=\"icon-wrap\">\r\n\t\t\t\t\t\t\t\t<span class=\"hover-anim\">\r\n\t\t\t\t\t\t\t\t\t<span class=\"text-wrap\">Pogleda\u0107u<\/span>\r\n\t\t\t\t\t\t\t\t\t<i class=\"fa fa-angle-right\"><\/i>\r\n\t\t\t\t\t\t\t\t<\/span>\r\n\t\t\t\t\t\t\t<\/span>\r\n\t\t\t\t\t\t<\/a>\r\n\t\t\t\t\t\t\t\t\t\t\t<\/div>\r\n\t\t\t\t<\/div>\r\n\t\t\t<\/div>\r\n\t\t<\/div>\r\n\r\n\t\t\t<\/div>\n\t\t\t\t<\/div>\n\t\t\t\t\t<\/div>\n\t\t<\/div>\n\t\t\t\t<div class=\"elementor-column elementor-col-16 elementor-top-column elementor-element elementor-element-9ab2489\" data-id=\"9ab2489\" data-element_type=\"column\">\n\t\t\t<div class=\"elementor-widget-wrap elementor-element-populated\">\n\t\t\t\t\t\t<div class=\"elementor-element elementor-element-06bbcef elementor-widget elementor-widget-wt_bs_servicebox\" data-id=\"06bbcef\" data-element_type=\"widget\" data-settings=\"{&quot;wt_text_align&quot;:&quot;center-content&quot;,&quot;wt_icon_position&quot;:&quot;icon-top-align&quot;}\" data-widget_type=\"wt_bs_servicebox.default\">\n\t\t\t\t<div class=\"elementor-widget-container\">\n\t\t\t<style>.elementor-element-06bbcef{display:none !important}<\/style>\t\t<\/div>\n\t\t\t\t<\/div>\n\t\t\t\t\t<\/div>\n\t\t<\/div>\n\t\t\t\t<div class=\"elementor-column elementor-col-16 elementor-top-column elementor-element elementor-element-fb6da02\" data-id=\"fb6da02\" data-element_type=\"column\">\n\t\t\t<div class=\"elementor-widget-wrap elementor-element-populated\">\n\t\t\t\t\t\t<div class=\"elementor-element elementor-element-9ed49b6 elementor-widget elementor-widget-wt_bs_servicebox\" data-id=\"9ed49b6\" data-element_type=\"widget\" data-settings=\"{&quot;wt_text_align&quot;:&quot;center-content&quot;,&quot;wt_icon_position&quot;:&quot;icon-top-align&quot;}\" data-widget_type=\"wt_bs_servicebox.default\">\n\t\t\t\t<div class=\"elementor-widget-container\">\n\t\t\t<style>.elementor-element-9ed49b6{display:none !important}<\/style>\t\t<\/div>\n\t\t\t\t<\/div>\n\t\t\t\t\t<\/div>\n\t\t<\/div>\n\t\t\t\t\t<\/div>\n\t\t<\/section>\n\t\t\t\t<\/div>","protected":false},"excerpt":{"rendered":"<p>PR\u00d3BAMER\u00dcL\u00c9S DISCOVERY DIVE Pr\u00f3bamer\u00fcl\u00e9s K\u00e9pes\u00edt\u00e9s n\u00e9lk\u00fcli b\u00fav\u00e1roknak pr\u00f3bamer\u00fcl\u00e9st tudunk aj\u00e1nlani, aminek sor\u00e1n egy oktat\u00f3 mer\u00fcl egy &#8220;\u00faj b\u00fav\u00e1rral&#8221;. \u00cdgy teljes biztons\u00e1gban pr\u00f3b\u00e1lhatod ki a v\u00edz alatti vil\u00e1got. Egy pr\u00f3bamer\u00fcl\u00e9sre nagyj\u00e1b\u00f3l 3 \u00f3r\u00e1t kell sz\u00e1nnod. A program els\u0151 l\u00e9p\u00e9sek\u00e9nt a b\u00e1zison kiv\u00e1lasztjuk a megfelel\u0151 m\u00e9ret\u0171 felszerel\u00e9seket \u00e9s elbesz\u00e9lget\u00fcnk a mer\u00fcl\u00e9sr\u0151l. Ezut\u00e1n megy\u00fcnk le a tengerpartra, ahol<\/p>","protected":false},"author":3,"featured_media":0,"parent":42,"menu_order":0,"comment_status":"closed","ping_status":"closed","template":"elementor_header_footer","meta":{"_monsterinsights_skip_tracking":false,"_monsterinsights_sitenote_active":false,"_monsterinsights_sitenote_note":"","_monsterinsights_sitenote_category":0,"footnotes":""},"class_list":["post-11970","page","type-page","status-publish","hentry"],"acf":[],"_links":{"self":[{"href":"https:\/\/buborek.hu\/hr\/wp-json\/wp\/v2\/pages\/11970","targetHints":{"allow":["GET"]}}],"collection":[{"href":"https:\/\/buborek.hu\/hr\/wp-json\/wp\/v2\/pages"}],"about":[{"href":"https:\/\/buborek.hu\/hr\/wp-json\/wp\/v2\/types\/page"}],"author":[{"embeddable":true,"href":"https:\/\/buborek.hu\/hr\/wp-json\/wp\/v2\/users\/3"}],"replies":[{"embeddable":true,"href":"https:\/\/buborek.hu\/hr\/wp-json\/wp\/v2\/comments?post=11970"}],"version-history":[{"count":43,"href":"https:\/\/buborek.hu\/hr\/wp-json\/wp\/v2\/pages\/11970\/revisions"}],"predecessor-version":[{"id":12558,"href":"https:\/\/buborek.hu\/hr\/wp-json\/wp\/v2\/pages\/11970\/revisions\/12558"}],"up":[{"embeddable":true,"href":"https:\/\/buborek.hu\/hr\/wp-json\/wp\/v2\/pages\/42"}],"wp:attachment":[{"href":"https:\/\/buborek.hu\/hr\/wp-json\/wp\/v2\/media?parent=11970"}],"curies":[{"name":"wp","href":"https:\/\/api.w.org\/{rel}","templated":true}]}}