{"id":40,"date":"2023-01-10T13:50:37","date_gmt":"2023-01-10T12:50:37","guid":{"rendered":"https:\/\/buborek.hu\/?page_id=40"},"modified":"2026-01-26T21:35:26","modified_gmt":"2026-01-26T20:35:26","slug":"szallas","status":"publish","type":"page","link":"https:\/\/buborek.hu\/hr\/szallas\/","title":{"rendered":"SMJE\u0160TAJ"},"content":{"rendered":"<div data-elementor-type=\"wp-page\" data-elementor-id=\"40\" class=\"elementor elementor-40\">\n\t\t\t\t\t\t<section class=\"elementor-section elementor-top-section elementor-element elementor-element-d54eede elementor-section-height-min-height elementor-section-boxed elementor-section-height-default elementor-section-items-middle\" data-id=\"d54eede\" data-element_type=\"section\" data-settings=\"{&quot;background_background&quot;:&quot;classic&quot;}\">\n\t\t\t\t\t\t\t<div class=\"elementor-background-overlay\"><\/div>\n\t\t\t\t\t\t\t<div class=\"elementor-container elementor-column-gap-default\">\n\t\t\t\t\t<div class=\"elementor-column elementor-col-100 elementor-top-column elementor-element elementor-element-192b7ac\" data-id=\"192b7ac\" data-element_type=\"column\" data-settings=\"{&quot;background_background&quot;:&quot;classic&quot;}\">\n\t\t\t<div class=\"elementor-widget-wrap elementor-element-populated\">\n\t\t\t\t\t\t<div class=\"elementor-element elementor-element-fd0616f elementor-widget elementor-widget-wt_bs_heading\" data-id=\"fd0616f\" data-element_type=\"widget\" data-widget_type=\"wt_bs_heading.default\">\n\t\t\t\t<div class=\"elementor-widget-container\">\n\t\t\t\t\t<div id=\"wt-at-fd0616f\" class=\"headng-wrap\">\r\n\t\t\t<div class=\"section-heading\">\r\n\t\t\t\t\t\t\t\t\t\t\t<h2\r\n\t\t\t\t \t\t\t\t>SMJE\u0160TAJ<\/h2>\r\n\t\t\t\t\t\t\t\t\t\t\t<\/div>\r\n\t\t<\/div>\r\n\r\n\t\t\t<\/div>\n\t\t\t\t<\/div>\n\t\t\t\t\t<\/div>\n\t\t<\/div>\n\t\t\t\t\t<\/div>\n\t\t<\/section>\n\t\t\t\t<section class=\"elementor-section elementor-top-section elementor-element elementor-element-6f28d43 elementor-section-boxed elementor-section-height-default elementor-section-height-default\" data-id=\"6f28d43\" data-element_type=\"section\">\n\t\t\t\t\t\t<div class=\"elementor-container elementor-column-gap-default\">\n\t\t\t\t\t<div class=\"elementor-column elementor-col-100 elementor-top-column elementor-element elementor-element-de25c80\" data-id=\"de25c80\" data-element_type=\"column\">\n\t\t\t<div class=\"elementor-widget-wrap elementor-element-populated\">\n\t\t\t\t\t\t<div class=\"elementor-element elementor-element-1a17f7e elementor-hidden-mobile elementor-widget elementor-widget-spacer\" data-id=\"1a17f7e\" data-element_type=\"widget\" data-widget_type=\"spacer.default\">\n\t\t\t\t<div class=\"elementor-widget-container\">\n\t\t\t\t\t<div class=\"elementor-spacer\">\n\t\t\t<div class=\"elementor-spacer-inner\"><\/div>\n\t\t<\/div>\n\t\t\t\t<\/div>\n\t\t\t\t<\/div>\n\t\t\t\t\t<\/div>\n\t\t<\/div>\n\t\t\t\t\t<\/div>\n\t\t<\/section>\n\t\t\t\t<section class=\"elementor-section elementor-top-section elementor-element elementor-element-4b681513 elementor-section-content-middle elementor-reverse-tablet elementor-reverse-mobile elementor-section-boxed elementor-section-height-default elementor-section-height-default\" data-id=\"4b681513\" data-element_type=\"section\" data-settings=\"{&quot;background_background&quot;:&quot;classic&quot;}\">\n\t\t\t\t\t\t<div class=\"elementor-container elementor-column-gap-default\">\n\t\t\t\t\t<div class=\"elementor-column elementor-col-50 elementor-top-column elementor-element elementor-element-4c983787 elementor-invisible\" data-id=\"4c983787\" data-element_type=\"column\" data-settings=\"{&quot;animation&quot;:&quot;fadeInRight&quot;}\">\n\t\t\t<div class=\"elementor-widget-wrap elementor-element-populated\">\n\t\t\t\t\t\t<div class=\"elementor-element elementor-element-80e3536 elementor-widget elementor-widget-image\" data-id=\"80e3536\" data-element_type=\"widget\" data-widget_type=\"image.default\">\n\t\t\t\t<div class=\"elementor-widget-container\">\n\t\t\t\t\t\t\t\t\t\t\t\t\t<img fetchpriority=\"high\" decoding=\"async\" width=\"825\" height=\"619\" src=\"https:\/\/buborek.hu\/wp-content\/uploads\/2023\/05\/MartinApartman-small-1.jpg\" class=\"attachment-large size-large wp-image-12036\" alt=\"\" srcset=\"https:\/\/buborek.hu\/wp-content\/uploads\/2023\/05\/MartinApartman-small-1.jpg 1024w, https:\/\/buborek.hu\/wp-content\/uploads\/2023\/05\/MartinApartman-small-1-300x225.jpg 300w, https:\/\/buborek.hu\/wp-content\/uploads\/2023\/05\/MartinApartman-small-1-768x576.jpg 768w, https:\/\/buborek.hu\/wp-content\/uploads\/2023\/05\/MartinApartman-small-1-16x12.jpg 16w\" sizes=\"(max-width: 825px) 100vw, 825px\" \/>\t\t\t\t\t\t\t\t\t\t\t\t\t<\/div>\n\t\t\t\t<\/div>\n\t\t\t\t\t<\/div>\n\t\t<\/div>\n\t\t\t\t<div class=\"elementor-column elementor-col-50 elementor-top-column elementor-element elementor-element-6d76ec9e elementor-invisible\" data-id=\"6d76ec9e\" data-element_type=\"column\" data-settings=\"{&quot;animation&quot;:&quot;fadeInLeft&quot;}\">\n\t\t\t<div class=\"elementor-widget-wrap elementor-element-populated\">\n\t\t\t\t\t\t<div class=\"elementor-element elementor-element-1c8ae3f2 elementor-widget elementor-widget-wt_bs_heading\" data-id=\"1c8ae3f2\" data-element_type=\"widget\" data-widget_type=\"wt_bs_heading.default\">\n\t\t\t\t<div class=\"elementor-widget-container\">\n\t\t\t\t\t<div id=\"wt-at-1c8ae3f2\" class=\"headng-wrap\">\r\n\t\t\t<div class=\"section-heading\">\r\n\t\t\t\t\t\t\t<h4\r\n\t\t\t\t \t\t\t\t>MARTIN APARTMAN<\/h4>\r\n\t\t\t\t\t\t\t\t\t\t\t\t<h2\r\n\t\t\t\t \t\t\t\t>Smje\u0161taj pored ronila\u010dkog centra<\/h2>\r\n\t\t\t\t\t\t\t\t\t\t\t\t<p \t\t\t\t><p>Apartman Martin nalazi se u mirnom dijelu Linardi\u0107a na hrvatskom otoku Krku, na rubu \u0161ume, samo oko 10 minuta vo\u017enje od pla\u017ee. Ako tra\u017eite miran smje\u0161taj okrenut prirodi gdje zaista mo\u017eete pobje\u0107i od u\u017eurbanosti svakodnevnog \u017eivota, do\u0161li ste na pravo mjesto.\n<\/p><p>&nbsp;<\/p><p>\nNa\u0161 apartman je jednostavno, ali prakti\u010dno opremljen, nepu\u0161a\u010dki smje\u0161taj, idealan za parove, obitelji i grupe prijatelja. Veliko parkirali\u0161te osigurava ugodan dolazak, a zajedni\u010dka terasa i ro\u0161tilj pru\u017eaju savr\u0161eno mjesto za zajedni\u010dke ve\u010dere, razgovore ili ugodno ve\u010dernje opu\u0161tanje.\n<\/p><p>&nbsp;<\/p><p>\nKao smje\u0161taj u kojem su dozvoljeni ku\u0107ni ljubimci, dobrodo\u0161li su nam \u010detverono\u017eni \u010dlanovi obitelji - bilo da se radi o psu ili ma\u010dki. Mirna, zelena okolica nudi izvrsnu priliku za \u0161etnje, punjenje baterija i u\u017eivanje u blizini prirode.\n<\/p><p>&nbsp;<\/p><p>\nApartman Martin je za one koji tra\u017ee mir, prijateljsku atmosferu i blizinu prirode na otoku Krku - jednostavno, iskreno, doma\u0107inski.<\/p><\/p>\r\n\t\t\t\t\t\t\t<\/div>\r\n\t\t<\/div>\r\n\r\n\t\t\t<\/div>\n\t\t\t\t<\/div>\n\t\t\t\t<div class=\"elementor-element elementor-element-15b5a211 wt-align-left elementor-widget elementor-widget-wt_bs_button\" data-id=\"15b5a211\" data-element_type=\"widget\" data-widget_type=\"wt_bs_button.default\">\n\t\t\t\t<div class=\"elementor-widget-container\">\n\t\t\t\t\t<div id=\"wt-at-15b5a211\" class=\"wt-button-wrap\">\r\n\t\t\t<a class=\"wt-btn\" href=\"https:\/\/martinapartman.hu\/\" rel=\"nofollow\"><span >Vi\u0161e informacija i rezervacija<\/span><\/a>\t\t<\/div>\r\n\r\n\t\t\t<\/div>\n\t\t\t\t<\/div>\n\t\t\t\t\t<\/div>\n\t\t<\/div>\n\t\t\t\t\t<\/div>\n\t\t<\/section>\n\t\t\t\t<section class=\"elementor-section elementor-top-section elementor-element elementor-element-c3b98eb elementor-section-boxed elementor-section-height-default elementor-section-height-default\" data-id=\"c3b98eb\" data-element_type=\"section\">\n\t\t\t\t\t\t<div class=\"elementor-container elementor-column-gap-default\">\n\t\t\t\t\t<div class=\"elementor-column elementor-col-100 elementor-top-column elementor-element elementor-element-2f2dd24\" data-id=\"2f2dd24\" data-element_type=\"column\">\n\t\t\t<div class=\"elementor-widget-wrap elementor-element-populated\">\n\t\t\t\t\t\t<div class=\"elementor-element elementor-element-4439ee7 elementor-hidden-desktop elementor-widget elementor-widget-spacer\" data-id=\"4439ee7\" data-element_type=\"widget\" data-widget_type=\"spacer.default\">\n\t\t\t\t<div class=\"elementor-widget-container\">\n\t\t\t\t\t<div class=\"elementor-spacer\">\n\t\t\t<div class=\"elementor-spacer-inner\"><\/div>\n\t\t<\/div>\n\t\t\t\t<\/div>\n\t\t\t\t<\/div>\n\t\t\t\t\t<\/div>\n\t\t<\/div>\n\t\t\t\t\t<\/div>\n\t\t<\/section>\n\t\t\t\t<\/div>","protected":false},"excerpt":{"rendered":"<p>SZ\u00c1LL\u00c1S MARTIN APARTMAN Sz\u00e1ll\u00e1s a b\u00fav\u00e1rk\u00f6zpont szomsz\u00e9ds\u00e1g\u00e1ban A Martin Apartman a horv\u00e1torsz\u00e1gi Krk szigeten, Linardi\u0107i csendes r\u00e9sz\u00e9n, az erd\u0151 sz\u00e9l\u00e9n v\u00e1rja vend\u00e9geit, mind\u00f6ssze k\u00f6r\u00fclbel\u00fcl 10 perces aut\u00f3\u00fatra a tengerpartt\u00f3l. Ha egy nyugodt, term\u00e9szetk\u00f6zeli sz\u00e1ll\u00e1st keresel, ahol val\u00f3ban ki lehet kapcsol\u00f3dni a mindennapok rohan\u00e1s\u00e1b\u00f3l, j\u00f3 helyen j\u00e1rsz. &nbsp; Apartmanunk egyszer\u0171en, de praktikusan felszerelt, nem doh\u00e1nyz\u00f3 sz\u00e1ll\u00e1s,<\/p>","protected":false},"author":3,"featured_media":0,"parent":0,"menu_order":0,"comment_status":"closed","ping_status":"closed","template":"elementor_header_footer","meta":{"_monsterinsights_skip_tracking":false,"_monsterinsights_sitenote_active":false,"_monsterinsights_sitenote_note":"","_monsterinsights_sitenote_category":0,"footnotes":""},"class_list":["post-40","page","type-page","status-publish","hentry"],"acf":[],"_links":{"self":[{"href":"https:\/\/buborek.hu\/hr\/wp-json\/wp\/v2\/pages\/40","targetHints":{"allow":["GET"]}}],"collection":[{"href":"https:\/\/buborek.hu\/hr\/wp-json\/wp\/v2\/pages"}],"about":[{"href":"https:\/\/buborek.hu\/hr\/wp-json\/wp\/v2\/types\/page"}],"author":[{"embeddable":true,"href":"https:\/\/buborek.hu\/hr\/wp-json\/wp\/v2\/users\/3"}],"replies":[{"embeddable":true,"href":"https:\/\/buborek.hu\/hr\/wp-json\/wp\/v2\/comments?post=40"}],"version-history":[{"count":83,"href":"https:\/\/buborek.hu\/hr\/wp-json\/wp\/v2\/pages\/40\/revisions"}],"predecessor-version":[{"id":12409,"href":"https:\/\/buborek.hu\/hr\/wp-json\/wp\/v2\/pages\/40\/revisions\/12409"}],"wp:attachment":[{"href":"https:\/\/buborek.hu\/hr\/wp-json\/wp\/v2\/media?parent=40"}],"curies":[{"name":"wp","href":"https:\/\/api.w.org\/{rel}","templated":true}]}}